{"id":993,"date":"2024-10-02T18:06:34","date_gmt":"2024-10-02T18:06:34","guid":{"rendered":"https:\/\/segafredo.hdonline.pt\/?page_id=993"},"modified":"2024-10-24T14:02:52","modified_gmt":"2024-10-24T14:02:52","slug":"office-2","status":"publish","type":"page","link":"https:\/\/segafredo.pt\/en\/office-2\/","title":{"rendered":"Office"},"content":{"rendered":"<div data-elementor-type=\"wp-page\" data-elementor-id=\"993\" class=\"elementor elementor-993\" data-elementor-post-type=\"page\">\n\t\t\t\t\t\t<section class=\"elementor-section elementor-top-section elementor-element elementor-element-59bea5e elementor-section-height-min-height elementor-section-boxed elementor-section-height-default elementor-section-items-middle\" data-id=\"59bea5e\" data-element_type=\"section\" data-settings=\"{&quot;background_background&quot;:&quot;classic&quot;}\">\n\t\t\t\t\t\t\t<div class=\"elementor-background-overlay\"><\/div>\n\t\t\t\t\t\t\t<div class=\"elementor-container elementor-column-gap-default\">\n\t\t\t\t\t<div class=\"elementor-column elementor-col-100 elementor-top-column elementor-element elementor-element-3e209fb\" data-id=\"3e209fb\" data-element_type=\"column\" data-settings=\"{&quot;background_background&quot;:&quot;classic&quot;}\">\n\t\t\t<div class=\"elementor-widget-wrap elementor-element-populated\">\n\t\t\t\t\t<div class=\"elementor-background-overlay\"><\/div>\n\t\t\t\t\t\t<div class=\"elementor-element elementor-element-ff47f33 elementor-widget elementor-widget-heading\" data-id=\"ff47f33\" data-element_type=\"widget\" data-widget_type=\"heading.default\">\n\t\t\t\t<div class=\"elementor-widget-container\">\n\t\t\t\t\t<h1 class=\"elementor-heading-title elementor-size-default\">OFFICE<\/h1>\t\t\t\t<\/div>\n\t\t\t\t<\/div>\n\t\t\t\t\t<\/div>\n\t\t<\/div>\n\t\t\t\t\t<\/div>\n\t\t<\/section>\n\t\t\t\t<section class=\"elementor-section elementor-top-section elementor-element elementor-element-7e965cc elementor-section-boxed elementor-section-height-default elementor-section-height-default\" data-id=\"7e965cc\" data-element_type=\"section\">\n\t\t\t\t\t\t<div class=\"elementor-container elementor-column-gap-default\">\n\t\t\t\t\t<div class=\"elementor-column elementor-col-100 elementor-top-column elementor-element elementor-element-db06d1e\" data-id=\"db06d1e\" data-element_type=\"column\">\n\t\t\t<div class=\"elementor-widget-wrap elementor-element-populated\">\n\t\t\t\t\t\t<div class=\"elementor-element elementor-element-823f004 elementor-widget elementor-widget-text-editor\" data-id=\"823f004\" data-element_type=\"widget\" data-widget_type=\"text-editor.default\">\n\t\t\t\t<div class=\"elementor-widget-container\">\n\t\t\t\t\t\t\t\t\t<p>Leve a experi\u00eancia do aut\u00eantico caf\u00e9 italiano para o seu escrit\u00f3rio com a Segafredo. Sabemos que um bom caf\u00e9 \u00e9 essencial para impulsionar a produtividade e criar momentos de pausa agrad\u00e1veis no ambiente de trabalho.<\/p><p>Por isso, oferecemos uma gama completa de solu\u00e7\u00f5es de caf\u00e9 profissional, especialmente desenvolvidas para empresas e espa\u00e7os corporativos. Seja para um pequeno escrit\u00f3rio ou uma grande empresa, a Segafredo tem o caf\u00e9 certo para o seu espa\u00e7o. Com op\u00e7\u00f5es que variam de m\u00e1quinas autom\u00e1ticas a c\u00e1psulas pr\u00e1ticas, trazemos a mesma qualidade e sabor aut\u00eantico que nos tornou refer\u00eancia no mundo do caf\u00e9.<\/p><p>Desfrute dos melhores blends Segafredo, desenvolvidos para atender a diferentes gostos e prefer\u00eancias. Entre em contacto connosco e descubra como podemos levar a experi\u00eancia Segafredo para o seu escrit\u00f3rio.<\/p><p>Oferecemos planos personalizados e uma sele\u00e7\u00e3o de produtos que se adaptam \u00e0s necessidades do seu espa\u00e7o de trabalho.<\/p>\t\t\t\t\t\t\t\t<\/div>\n\t\t\t\t<\/div>\n\t\t\t\t\t<\/div>\n\t\t<\/div>\n\t\t\t\t\t<\/div>\n\t\t<\/section>\n\t\t\t\t<section class=\"elementor-section elementor-top-section elementor-element elementor-element-b86a866 elementor-section-boxed elementor-section-height-default elementor-section-height-default\" data-id=\"b86a866\" data-element_type=\"section\">\n\t\t\t\t\t\t<div class=\"elementor-container elementor-column-gap-default\">\n\t\t\t\t\t<div class=\"elementor-column elementor-col-100 elementor-top-column elementor-element elementor-element-eb85b77\" data-id=\"eb85b77\" data-element_type=\"column\">\n\t\t\t<div class=\"elementor-widget-wrap elementor-element-populated\">\n\t\t\t\t\t\t<div class=\"elementor-element elementor-element-f120c94 elementor-widget elementor-widget-heading\" data-id=\"f120c94\" data-element_type=\"widget\" data-widget_type=\"heading.default\">\n\t\t\t\t<div class=\"elementor-widget-container\">\n\t\t\t\t\t<h2 class=\"elementor-heading-title elementor-size-default\">CONTACT US<\/h2>\t\t\t\t<\/div>\n\t\t\t\t<\/div>\n\t\t\t\t<div class=\"elementor-element elementor-element-7574d0d elementor-widget elementor-widget-text-editor\" data-id=\"7574d0d\" data-element_type=\"widget\" data-widget_type=\"text-editor.default\">\n\t\t\t\t<div class=\"elementor-widget-container\">\n\t\t\t\t\t\t\t\t\t<p>Fill out the form to discover Segafredo's offer for your business.<\/p>\t\t\t\t\t\t\t\t<\/div>\n\t\t\t\t<\/div>\n\t\t\t\t<div class=\"elementor-element elementor-element-f86718f elementor-align-center elementor-widget elementor-widget-button\" data-id=\"f86718f\" data-element_type=\"widget\" data-widget_type=\"button.default\">\n\t\t\t\t<div class=\"elementor-widget-container\">\n\t\t\t\t\t\t\t\t\t<div class=\"elementor-button-wrapper\">\n\t\t\t\t\t<a class=\"elementor-button elementor-button-link elementor-size-sm\" href=\"https:\/\/segafredo.pt\/en\/contactos\/#formulario\" formulario=\"\">\n\t\t\t\t\t\t<span class=\"elementor-button-content-wrapper\">\n\t\t\t\t\t\t\t\t\t<span class=\"elementor-button-text\">CONTACT US<\/span>\n\t\t\t\t\t<\/span>\n\t\t\t\t\t<\/a>\n\t\t\t\t<\/div>\n\t\t\t\t\t\t\t\t<\/div>\n\t\t\t\t<\/div>\n\t\t\t\t\t<\/div>\n\t\t<\/div>\n\t\t\t\t\t<\/div>\n\t\t<\/section>\n\t\t\t\t<\/div>","protected":false},"excerpt":{"rendered":"<p>OFFICE Leve a experi\u00eancia do aut\u00eantico caf\u00e9 italiano para o seu escrit\u00f3rio com a Segafredo. Sabemos que um bom caf\u00e9 \u00e9 essencial para impulsionar a produtividade e criar momentos de pausa agrad\u00e1veis no ambiente de trabalho. Por isso, oferecemos uma gama completa de solu\u00e7\u00f5es de caf\u00e9 profissional, especialmente desenvolvidas para empresas e espa\u00e7os corporativos. Seja [&hellip;]<\/p>","protected":false},"author":1,"featured_media":0,"parent":0,"menu_order":0,"comment_status":"closed","ping_status":"closed","template":"","meta":{"footnotes":""},"class_list":["post-993","page","type-page","status-publish","hentry"],"yoast_head":"<!-- This site is optimized with the Yoast SEO plugin v26.7 - https:\/\/yoast.com\/wordpress\/plugins\/seo\/ -->\n<title>Office - Segafredo<\/title>\n<meta name=\"robots\" content=\"index, follow, max-snippet:-1, max-image-preview:large, max-video-preview:-1\" \/>\n<link rel=\"canonical\" href=\"https:\/\/segafredo.pt\/en\/office-2\/\" \/>\n<meta property=\"og:locale\" content=\"en_GB\" \/>\n<meta property=\"og:type\" content=\"article\" \/>\n<meta property=\"og:title\" content=\"Office - Segafredo\" \/>\n<meta property=\"og:description\" content=\"OFFICE Leve a experi\u00eancia do aut\u00eantico caf\u00e9 italiano para o seu escrit\u00f3rio com a Segafredo. Sabemos que um bom caf\u00e9 \u00e9 essencial para impulsionar a produtividade e criar momentos de pausa agrad\u00e1veis no ambiente de trabalho. Por isso, oferecemos uma gama completa de solu\u00e7\u00f5es de caf\u00e9 profissional, especialmente desenvolvidas para empresas e espa\u00e7os corporativos. Seja [&hellip;]\" \/>\n<meta property=\"og:url\" content=\"https:\/\/segafredo.pt\/en\/office-2\/\" \/>\n<meta property=\"og:site_name\" content=\"Segafredo\" \/>\n<meta property=\"article:modified_time\" content=\"2024-10-24T14:02:52+00:00\" \/>\n<meta name=\"twitter:card\" content=\"summary_large_image\" \/>\n<meta name=\"twitter:label1\" content=\"Estimated reading time\" \/>\n\t<meta name=\"twitter:data1\" content=\"1 minute\" \/>\n<script type=\"application\/ld+json\" class=\"yoast-schema-graph\">{\"@context\":\"https:\/\/schema.org\",\"@graph\":[{\"@type\":\"WebPage\",\"@id\":\"https:\/\/segafredo.pt\/en\/office-2\/\",\"url\":\"https:\/\/segafredo.pt\/en\/office-2\/\",\"name\":\"Office - Segafredo\",\"isPartOf\":{\"@id\":\"https:\/\/segafredo.pt\/#website\"},\"datePublished\":\"2024-10-02T18:06:34+00:00\",\"dateModified\":\"2024-10-24T14:02:52+00:00\",\"breadcrumb\":{\"@id\":\"https:\/\/segafredo.pt\/en\/office-2\/#breadcrumb\"},\"inLanguage\":\"en-GB\",\"potentialAction\":[{\"@type\":\"ReadAction\",\"target\":[\"https:\/\/segafredo.pt\/en\/office-2\/\"]}]},{\"@type\":\"BreadcrumbList\",\"@id\":\"https:\/\/segafredo.pt\/en\/office-2\/#breadcrumb\",\"itemListElement\":[{\"@type\":\"ListItem\",\"position\":1,\"name\":\"Home\",\"item\":\"https:\/\/segafredo.pt\/\"},{\"@type\":\"ListItem\",\"position\":2,\"name\":\"Office\"}]},{\"@type\":\"WebSite\",\"@id\":\"https:\/\/segafredo.pt\/#website\",\"url\":\"https:\/\/segafredo.pt\/\",\"name\":\"Segafredo\",\"description\":\"\",\"publisher\":{\"@id\":\"https:\/\/segafredo.pt\/#organization\"},\"potentialAction\":[{\"@type\":\"SearchAction\",\"target\":{\"@type\":\"EntryPoint\",\"urlTemplate\":\"https:\/\/segafredo.pt\/?s={search_term_string}\"},\"query-input\":{\"@type\":\"PropertyValueSpecification\",\"valueRequired\":true,\"valueName\":\"search_term_string\"}}],\"inLanguage\":\"en-GB\"},{\"@type\":\"Organization\",\"@id\":\"https:\/\/segafredo.pt\/#organization\",\"name\":\"Segafredo\",\"url\":\"https:\/\/segafredo.pt\/\",\"logo\":{\"@type\":\"ImageObject\",\"inLanguage\":\"en-GB\",\"@id\":\"https:\/\/segafredo.pt\/#\/schema\/logo\/image\/\",\"url\":\"https:\/\/segafredo.pt\/wp-content\/uploads\/2024\/05\/loudzap-logo-1603185532.png\",\"contentUrl\":\"https:\/\/segafredo.pt\/wp-content\/uploads\/2024\/05\/loudzap-logo-1603185532.png\",\"width\":340,\"height\":176,\"caption\":\"Segafredo\"},\"image\":{\"@id\":\"https:\/\/segafredo.pt\/#\/schema\/logo\/image\/\"}}]}<\/script>\n<!-- \/ Yoast SEO plugin. -->","yoast_head_json":{"title":"Office - Segafredo","robots":{"index":"index","follow":"follow","max-snippet":"max-snippet:-1","max-image-preview":"max-image-preview:large","max-video-preview":"max-video-preview:-1"},"canonical":"https:\/\/segafredo.pt\/en\/office-2\/","og_locale":"en_GB","og_type":"article","og_title":"Office - Segafredo","og_description":"OFFICE Leve a experi\u00eancia do aut\u00eantico caf\u00e9 italiano para o seu escrit\u00f3rio com a Segafredo. Sabemos que um bom caf\u00e9 \u00e9 essencial para impulsionar a produtividade e criar momentos de pausa agrad\u00e1veis no ambiente de trabalho. Por isso, oferecemos uma gama completa de solu\u00e7\u00f5es de caf\u00e9 profissional, especialmente desenvolvidas para empresas e espa\u00e7os corporativos. Seja [&hellip;]","og_url":"https:\/\/segafredo.pt\/en\/office-2\/","og_site_name":"Segafredo","article_modified_time":"2024-10-24T14:02:52+00:00","twitter_card":"summary_large_image","twitter_misc":{"Estimated reading time":"1 minute"},"schema":{"@context":"https:\/\/schema.org","@graph":[{"@type":"WebPage","@id":"https:\/\/segafredo.pt\/en\/office-2\/","url":"https:\/\/segafredo.pt\/en\/office-2\/","name":"Office - Segafredo","isPartOf":{"@id":"https:\/\/segafredo.pt\/#website"},"datePublished":"2024-10-02T18:06:34+00:00","dateModified":"2024-10-24T14:02:52+00:00","breadcrumb":{"@id":"https:\/\/segafredo.pt\/en\/office-2\/#breadcrumb"},"inLanguage":"en-GB","potentialAction":[{"@type":"ReadAction","target":["https:\/\/segafredo.pt\/en\/office-2\/"]}]},{"@type":"BreadcrumbList","@id":"https:\/\/segafredo.pt\/en\/office-2\/#breadcrumb","itemListElement":[{"@type":"ListItem","position":1,"name":"Home","item":"https:\/\/segafredo.pt\/"},{"@type":"ListItem","position":2,"name":"Office"}]},{"@type":"WebSite","@id":"https:\/\/segafredo.pt\/#website","url":"https:\/\/segafredo.pt\/","name":"Segafredo","description":"","publisher":{"@id":"https:\/\/segafredo.pt\/#organization"},"potentialAction":[{"@type":"SearchAction","target":{"@type":"EntryPoint","urlTemplate":"https:\/\/segafredo.pt\/?s={search_term_string}"},"query-input":{"@type":"PropertyValueSpecification","valueRequired":true,"valueName":"search_term_string"}}],"inLanguage":"en-GB"},{"@type":"Organization","@id":"https:\/\/segafredo.pt\/#organization","name":"Segafredo","url":"https:\/\/segafredo.pt\/","logo":{"@type":"ImageObject","inLanguage":"en-GB","@id":"https:\/\/segafredo.pt\/#\/schema\/logo\/image\/","url":"https:\/\/segafredo.pt\/wp-content\/uploads\/2024\/05\/loudzap-logo-1603185532.png","contentUrl":"https:\/\/segafredo.pt\/wp-content\/uploads\/2024\/05\/loudzap-logo-1603185532.png","width":340,"height":176,"caption":"Segafredo"},"image":{"@id":"https:\/\/segafredo.pt\/#\/schema\/logo\/image\/"}}]}},"_links":{"self":[{"href":"https:\/\/segafredo.pt\/en\/wp-json\/wp\/v2\/pages\/993","targetHints":{"allow":["GET"]}}],"collection":[{"href":"https:\/\/segafredo.pt\/en\/wp-json\/wp\/v2\/pages"}],"about":[{"href":"https:\/\/segafredo.pt\/en\/wp-json\/wp\/v2\/types\/page"}],"author":[{"embeddable":true,"href":"https:\/\/segafredo.pt\/en\/wp-json\/wp\/v2\/users\/1"}],"replies":[{"embeddable":true,"href":"https:\/\/segafredo.pt\/en\/wp-json\/wp\/v2\/comments?post=993"}],"version-history":[{"count":13,"href":"https:\/\/segafredo.pt\/en\/wp-json\/wp\/v2\/pages\/993\/revisions"}],"predecessor-version":[{"id":1269,"href":"https:\/\/segafredo.pt\/en\/wp-json\/wp\/v2\/pages\/993\/revisions\/1269"}],"wp:attachment":[{"href":"https:\/\/segafredo.pt\/en\/wp-json\/wp\/v2\/media?parent=993"}],"curies":[{"name":"wp","href":"https:\/\/api.w.org\/{rel}","templated":true}]}}