{"id":1372,"date":"2024-12-02T12:00:37","date_gmt":"2024-12-02T12:00:37","guid":{"rendered":"https:\/\/segafredo.hdonline.pt\/?post_type=product&#038;p=1372"},"modified":"2024-12-02T12:11:51","modified_gmt":"2024-12-02T12:11:51","slug":"espresso-casa-250g","status":"publish","type":"product","link":"https:\/\/segafredo.pt\/en\/product\/espresso-casa-250g\/","title":{"rendered":"Espresso Casa  <br><small>(250g)<\/small><\/br>"},"content":{"rendered":"<p>Enjoy a perfect espresso in the comfort of your home with our ground Espresso Casa. This meticulously chosen blend combines Arabica and Robusta beans to create a full-bodied coffee with a richness of flavors. Vibrant notes of chocolate and ripe fruits. The rich, velvety crema makes every moment of tasting a true Italian coffee experience.<\/p>","protected":false},"excerpt":{"rendered":"<p>Enjoy a perfect espresso in the comfort of your home with our ground Espresso Casa. This meticulously chosen blend combines Arabica and Robusta beans to create a full-bodied coffee with a richness of flavors. Vibrant notes of chocolate and ripe fruits. The rich, velvety crema makes every moment of tasting a true Italian coffee experience.<\/p>","protected":false},"featured_media":1351,"template":"","meta":[],"product_brand":[],"product_cat":[24],"product_tag":[],"class_list":{"0":"post-1372","1":"product","2":"type-product","3":"status-publish","4":"has-post-thumbnail","6":"product_cat-moidos","8":"first","9":"instock","10":"shipping-taxable","11":"product-type-simple"},"yoast_head":"<!-- This site is optimized with the Yoast SEO plugin v26.7 - https:\/\/yoast.com\/wordpress\/plugins\/seo\/ -->\n<title>Espresso Casa (250g) - Segafredo<\/title>\n<meta name=\"robots\" content=\"index, follow, max-snippet:-1, max-image-preview:large, max-video-preview:-1\" \/>\n<link rel=\"canonical\" href=\"https:\/\/segafredo.pt\/en\/product\/espresso-casa-250g\/\" \/>\n<meta property=\"og:locale\" content=\"en_GB\" \/>\n<meta property=\"og:type\" content=\"article\" \/>\n<meta property=\"og:title\" content=\"Espresso Casa (250g) - Segafredo\" \/>\n<meta property=\"og:description\" content=\"Desfrute de um espresso perfeito no conforto da tua casa com o nosso Espresso Casa em moido. Este blend meticulosamente escolhido combina gr\u00e3os de Ar\u00e1bica e Robusta para criar um caf\u00e9 encorpado e com uma riqueza de sabores. Notas vibrantes de chocolate e frutas maduras. O creme rico e aveludado, tornando cada momento de degusta\u00e7\u00e3o uma verdadeira experi\u00eancia de caf\u00e9 italiano.\" \/>\n<meta property=\"og:url\" content=\"https:\/\/segafredo.pt\/en\/product\/espresso-casa-250g\/\" \/>\n<meta property=\"og:site_name\" content=\"Segafredo\" \/>\n<meta property=\"article:modified_time\" content=\"2024-12-02T12:11:51+00:00\" \/>\n<meta property=\"og:image\" content=\"https:\/\/segafredo.pt\/wp-content\/uploads\/2024\/06\/espresso-casa-250g_2_20_11zon.jpg\" \/>\n\t<meta property=\"og:image:width\" content=\"1100\" \/>\n\t<meta property=\"og:image:height\" content=\"1420\" \/>\n\t<meta property=\"og:image:type\" content=\"image\/jpeg\" \/>\n<meta name=\"twitter:card\" content=\"summary_large_image\" \/>\n<script type=\"application\/ld+json\" class=\"yoast-schema-graph\">{\"@context\":\"https:\/\/schema.org\",\"@graph\":[{\"@type\":\"WebPage\",\"@id\":\"https:\/\/segafredo.pt\/product\/espresso-casa-250g\/\",\"url\":\"https:\/\/segafredo.pt\/product\/espresso-casa-250g\/\",\"name\":\"Espresso Casa (250g) - Segafredo\",\"isPartOf\":{\"@id\":\"https:\/\/segafredo.pt\/#website\"},\"primaryImageOfPage\":{\"@id\":\"https:\/\/segafredo.pt\/product\/espresso-casa-250g\/#primaryimage\"},\"image\":{\"@id\":\"https:\/\/segafredo.pt\/product\/espresso-casa-250g\/#primaryimage\"},\"thumbnailUrl\":\"https:\/\/segafredo.pt\/wp-content\/uploads\/2024\/06\/espresso-casa-250g_2_20_11zon.jpg\",\"datePublished\":\"2024-12-02T12:00:37+00:00\",\"dateModified\":\"2024-12-02T12:11:51+00:00\",\"breadcrumb\":{\"@id\":\"https:\/\/segafredo.pt\/product\/espresso-casa-250g\/#breadcrumb\"},\"inLanguage\":\"en-GB\",\"potentialAction\":[{\"@type\":\"ReadAction\",\"target\":[\"https:\/\/segafredo.pt\/product\/espresso-casa-250g\/\"]}]},{\"@type\":\"ImageObject\",\"inLanguage\":\"en-GB\",\"@id\":\"https:\/\/segafredo.pt\/product\/espresso-casa-250g\/#primaryimage\",\"url\":\"https:\/\/segafredo.pt\/wp-content\/uploads\/2024\/06\/espresso-casa-250g_2_20_11zon.jpg\",\"contentUrl\":\"https:\/\/segafredo.pt\/wp-content\/uploads\/2024\/06\/espresso-casa-250g_2_20_11zon.jpg\",\"width\":1100,\"height\":1420},{\"@type\":\"BreadcrumbList\",\"@id\":\"https:\/\/segafredo.pt\/product\/espresso-casa-250g\/#breadcrumb\",\"itemListElement\":[{\"@type\":\"ListItem\",\"position\":1,\"name\":\"Home\",\"item\":\"https:\/\/segafredo.pt\/\"},{\"@type\":\"ListItem\",\"position\":2,\"name\":\"Produtos\",\"item\":\"https:\/\/segafredo.pt\/produtos\/\"},{\"@type\":\"ListItem\",\"position\":3,\"name\":\"Espresso Casa (250g)\"}]},{\"@type\":\"WebSite\",\"@id\":\"https:\/\/segafredo.pt\/#website\",\"url\":\"https:\/\/segafredo.pt\/\",\"name\":\"Segafredo\",\"description\":\"\",\"publisher\":{\"@id\":\"https:\/\/segafredo.pt\/#organization\"},\"potentialAction\":[{\"@type\":\"SearchAction\",\"target\":{\"@type\":\"EntryPoint\",\"urlTemplate\":\"https:\/\/segafredo.pt\/?s={search_term_string}\"},\"query-input\":{\"@type\":\"PropertyValueSpecification\",\"valueRequired\":true,\"valueName\":\"search_term_string\"}}],\"inLanguage\":\"en-GB\"},{\"@type\":\"Organization\",\"@id\":\"https:\/\/segafredo.pt\/#organization\",\"name\":\"Segafredo\",\"url\":\"https:\/\/segafredo.pt\/\",\"logo\":{\"@type\":\"ImageObject\",\"inLanguage\":\"en-GB\",\"@id\":\"https:\/\/segafredo.pt\/#\/schema\/logo\/image\/\",\"url\":\"https:\/\/segafredo.pt\/wp-content\/uploads\/2024\/05\/loudzap-logo-1603185532.png\",\"contentUrl\":\"https:\/\/segafredo.pt\/wp-content\/uploads\/2024\/05\/loudzap-logo-1603185532.png\",\"width\":340,\"height\":176,\"caption\":\"Segafredo\"},\"image\":{\"@id\":\"https:\/\/segafredo.pt\/#\/schema\/logo\/image\/\"}}]}<\/script>\n<!-- \/ Yoast SEO plugin. -->","yoast_head_json":{"title":"Espresso Casa (250g) - Segafredo","robots":{"index":"index","follow":"follow","max-snippet":"max-snippet:-1","max-image-preview":"max-image-preview:large","max-video-preview":"max-video-preview:-1"},"canonical":"https:\/\/segafredo.pt\/en\/product\/espresso-casa-250g\/","og_locale":"en_GB","og_type":"article","og_title":"Espresso Casa (250g) - Segafredo","og_description":"Desfrute de um espresso perfeito no conforto da tua casa com o nosso Espresso Casa em moido. Este blend meticulosamente escolhido combina gr\u00e3os de Ar\u00e1bica e Robusta para criar um caf\u00e9 encorpado e com uma riqueza de sabores. Notas vibrantes de chocolate e frutas maduras. O creme rico e aveludado, tornando cada momento de degusta\u00e7\u00e3o uma verdadeira experi\u00eancia de caf\u00e9 italiano.","og_url":"https:\/\/segafredo.pt\/en\/product\/espresso-casa-250g\/","og_site_name":"Segafredo","article_modified_time":"2024-12-02T12:11:51+00:00","og_image":[{"width":1100,"height":1420,"url":"https:\/\/segafredo.pt\/wp-content\/uploads\/2024\/06\/espresso-casa-250g_2_20_11zon.jpg","type":"image\/jpeg"}],"twitter_card":"summary_large_image","schema":{"@context":"https:\/\/schema.org","@graph":[{"@type":"WebPage","@id":"https:\/\/segafredo.pt\/product\/espresso-casa-250g\/","url":"https:\/\/segafredo.pt\/product\/espresso-casa-250g\/","name":"Espresso Casa (250g) - Segafredo","isPartOf":{"@id":"https:\/\/segafredo.pt\/#website"},"primaryImageOfPage":{"@id":"https:\/\/segafredo.pt\/product\/espresso-casa-250g\/#primaryimage"},"image":{"@id":"https:\/\/segafredo.pt\/product\/espresso-casa-250g\/#primaryimage"},"thumbnailUrl":"https:\/\/segafredo.pt\/wp-content\/uploads\/2024\/06\/espresso-casa-250g_2_20_11zon.jpg","datePublished":"2024-12-02T12:00:37+00:00","dateModified":"2024-12-02T12:11:51+00:00","breadcrumb":{"@id":"https:\/\/segafredo.pt\/product\/espresso-casa-250g\/#breadcrumb"},"inLanguage":"en-GB","potentialAction":[{"@type":"ReadAction","target":["https:\/\/segafredo.pt\/product\/espresso-casa-250g\/"]}]},{"@type":"ImageObject","inLanguage":"en-GB","@id":"https:\/\/segafredo.pt\/product\/espresso-casa-250g\/#primaryimage","url":"https:\/\/segafredo.pt\/wp-content\/uploads\/2024\/06\/espresso-casa-250g_2_20_11zon.jpg","contentUrl":"https:\/\/segafredo.pt\/wp-content\/uploads\/2024\/06\/espresso-casa-250g_2_20_11zon.jpg","width":1100,"height":1420},{"@type":"BreadcrumbList","@id":"https:\/\/segafredo.pt\/product\/espresso-casa-250g\/#breadcrumb","itemListElement":[{"@type":"ListItem","position":1,"name":"Home","item":"https:\/\/segafredo.pt\/"},{"@type":"ListItem","position":2,"name":"Produtos","item":"https:\/\/segafredo.pt\/produtos\/"},{"@type":"ListItem","position":3,"name":"Espresso Casa (250g)"}]},{"@type":"WebSite","@id":"https:\/\/segafredo.pt\/#website","url":"https:\/\/segafredo.pt\/","name":"Segafredo","description":"","publisher":{"@id":"https:\/\/segafredo.pt\/#organization"},"potentialAction":[{"@type":"SearchAction","target":{"@type":"EntryPoint","urlTemplate":"https:\/\/segafredo.pt\/?s={search_term_string}"},"query-input":{"@type":"PropertyValueSpecification","valueRequired":true,"valueName":"search_term_string"}}],"inLanguage":"en-GB"},{"@type":"Organization","@id":"https:\/\/segafredo.pt\/#organization","name":"Segafredo","url":"https:\/\/segafredo.pt\/","logo":{"@type":"ImageObject","inLanguage":"en-GB","@id":"https:\/\/segafredo.pt\/#\/schema\/logo\/image\/","url":"https:\/\/segafredo.pt\/wp-content\/uploads\/2024\/05\/loudzap-logo-1603185532.png","contentUrl":"https:\/\/segafredo.pt\/wp-content\/uploads\/2024\/05\/loudzap-logo-1603185532.png","width":340,"height":176,"caption":"Segafredo"},"image":{"@id":"https:\/\/segafredo.pt\/#\/schema\/logo\/image\/"}}]}},"_links":{"self":[{"href":"https:\/\/segafredo.pt\/en\/wp-json\/wp\/v2\/product\/1372","targetHints":{"allow":["GET"]}}],"collection":[{"href":"https:\/\/segafredo.pt\/en\/wp-json\/wp\/v2\/product"}],"about":[{"href":"https:\/\/segafredo.pt\/en\/wp-json\/wp\/v2\/types\/product"}],"wp:featuredmedia":[{"embeddable":true,"href":"https:\/\/segafredo.pt\/en\/wp-json\/wp\/v2\/media\/1351"}],"wp:attachment":[{"href":"https:\/\/segafredo.pt\/en\/wp-json\/wp\/v2\/media?parent=1372"}],"wp:term":[{"taxonomy":"product_brand","embeddable":true,"href":"https:\/\/segafredo.pt\/en\/wp-json\/wp\/v2\/product_brand?post=1372"},{"taxonomy":"product_cat","embeddable":true,"href":"https:\/\/segafredo.pt\/en\/wp-json\/wp\/v2\/product_cat?post=1372"},{"taxonomy":"product_tag","embeddable":true,"href":"https:\/\/segafredo.pt\/en\/wp-json\/wp\/v2\/product_tag?post=1372"}],"curies":[{"name":"wp","href":"https:\/\/api.w.org\/{rel}","templated":true}]}}