{"id":278,"date":"2024-06-18T09:11:16","date_gmt":"2024-06-18T09:11:16","guid":{"rendered":"https:\/\/segafredo.hdonline.pt\/?post_type=product&#038;p=278"},"modified":"2024-11-16T18:47:05","modified_gmt":"2024-11-16T18:47:05","slug":"intenso-cx10-capsulas","status":"publish","type":"product","link":"https:\/\/segafredo.pt\/en\/product\/intenso-cx10-capsulas\/","title":{"rendered":"Segafredo Intenso <br><small>10 capsules<\/small><\/br>"},"content":{"rendered":"<p>Discover the robust and enveloping intensity of our Intenso capsules. Carefully packaged in aluminum capsules to ensure maximum freshness, this blend is perfect for those who enjoy strong coffee with deep notes and a persistent flavor. Awaken your senses with each espresso, created to deliver intense flavor and a rich, silky crema. Ideal for starting the day with energy or for a boost of vitality at any time.<\/p>","protected":false},"excerpt":{"rendered":"<p>Discover the robust and enveloping intensity of our Intenso capsules. Carefully packaged in aluminum capsules to ensure maximum freshness, this blend is perfect for those who enjoy strong coffee with deep notes and a persistent flavor. Awaken your senses with each espresso, created to deliver intense flavor and a rich, silky crema. Ideal for starting the day with energy or for a boost of vitality at any time.<\/p>\n<p>&nbsp;<\/p>\n<p><img decoding=\"async\" class=\"alignnone wp-image-913\" src=\"https:\/\/segafredo.pt\/wp-content\/uploads\/2024\/08\/nespresso_50g-300x98.png\" alt=\"51g\" width=\"131\" height=\"50\" srcset=\"https:\/\/segafredo.pt\/wp-content\/uploads\/2024\/08\/nespresso_50g-18x6.png 18w, https:\/\/segafredo.pt\/wp-content\/uploads\/2024\/08\/nespresso_50g-24x8.png 24w\" sizes=\"(max-width: 131px) 100vw, 131px\" \/> \u00a0<img decoding=\"async\" class=\"alignnone wp-image-914\" src=\"https:\/\/segafredo.pt\/wp-content\/uploads\/2024\/08\/caixa10-149x300.png\" alt=\"caixa de 10 c\u00e1psulas\" width=\"62\" height=\"125\" srcset=\"https:\/\/segafredo.pt\/wp-content\/uploads\/2024\/08\/caixa10-149x300.png 149w, https:\/\/segafredo.pt\/wp-content\/uploads\/2024\/08\/caixa10-510x1024.png 510w, https:\/\/segafredo.pt\/wp-content\/uploads\/2024\/08\/caixa10-6x12.png 6w, https:\/\/segafredo.pt\/wp-content\/uploads\/2024\/08\/caixa10-12x24.png 12w, https:\/\/segafredo.pt\/wp-content\/uploads\/2024\/08\/caixa10-18x36.png 18w, https:\/\/segafredo.pt\/wp-content\/uploads\/2024\/08\/caixa10-24x48.png 24w, https:\/\/segafredo.pt\/wp-content\/uploads\/2024\/08\/caixa10-300x602.png 300w, https:\/\/segafredo.pt\/wp-content\/uploads\/2024\/08\/caixa10.png 524w\" sizes=\"(max-width: 62px) 100vw, 62px\" \/><\/p>\n<p>&nbsp;<\/p>\n<p>Capsules compatible with Nespresso\u00ae household machines*<\/p>\n<p>&nbsp;<\/p>\n<p style=\"font-size: 70%;\">(*) Trademark registered in the name of a company not related to Massimo Zanetti Beverage Ib\u00e9ria S.A.<\/p>","protected":false},"featured_media":305,"template":"","meta":[],"product_brand":[],"product_cat":[22],"product_tag":[],"class_list":{"0":"post-278","1":"product","2":"type-product","3":"status-publish","4":"has-post-thumbnail","6":"product_cat-capsulas-compativeis-com-sistema-nespresso","8":"first","9":"instock","10":"shipping-taxable","11":"product-type-simple"},"yoast_head":"<!-- This site is optimized with the Yoast SEO plugin v26.7 - https:\/\/yoast.com\/wordpress\/plugins\/seo\/ -->\n<title>Segafredo Intenso 10 c\u00e1psulas - Segafredo<\/title>\n<meta name=\"robots\" content=\"index, follow, max-snippet:-1, max-image-preview:large, max-video-preview:-1\" \/>\n<link rel=\"canonical\" href=\"https:\/\/segafredo.pt\/en\/product\/intenso-cx10-capsulas\/\" \/>\n<meta property=\"og:locale\" content=\"en_GB\" \/>\n<meta property=\"og:type\" content=\"article\" \/>\n<meta property=\"og:title\" content=\"Segafredo Intenso 10 c\u00e1psulas - Segafredo\" \/>\n<meta property=\"og:description\" content=\"Descubra a intensidade robusta e envolvente das nossas c\u00e1psulas Intenso. Cuidadosamente embaladas em c\u00e1psulas de alum\u00ednio para garantir a frescura m\u00e1xima, este blend \u00e9 perfeito para quem aprecia um caf\u00e9 forte com notas profundas e um sabor persistente. Desperta os teus sentidos com cada espresso, criado para oferecer um sabor intenso e uma crema rica e sedosa. Ideal para come\u00e7ar o dia com energia ou para um impulso de vitalidade a qualquer hora.  &nbsp;   \u00a0  &nbsp;  C\u00e1psulas compat\u00edveis com as m\u00e1quinas de uso dom\u00e9stico Nespresso\u00ae*  &nbsp; (*) Marca registada em nome de empresa n\u00e3o relacionada com a Massimo Zanetti Beverage Ib\u00e9ria S.A.\" \/>\n<meta property=\"og:url\" content=\"https:\/\/segafredo.pt\/en\/product\/intenso-cx10-capsulas\/\" \/>\n<meta property=\"og:site_name\" content=\"Segafredo\" \/>\n<meta property=\"article:modified_time\" content=\"2024-11-16T18:47:05+00:00\" \/>\n<meta property=\"og:image\" content=\"https:\/\/segafredo.pt\/wp-content\/uploads\/2024\/06\/cap-aluminio-SZ_frente_intenso_fev2022.jpg\" \/>\n\t<meta property=\"og:image:width\" content=\"1100\" \/>\n\t<meta property=\"og:image:height\" content=\"1500\" \/>\n\t<meta property=\"og:image:type\" content=\"image\/jpeg\" \/>\n<meta name=\"twitter:card\" content=\"summary_large_image\" \/>\n<script type=\"application\/ld+json\" class=\"yoast-schema-graph\">{\"@context\":\"https:\/\/schema.org\",\"@graph\":[{\"@type\":\"WebPage\",\"@id\":\"https:\/\/segafredo.pt\/product\/intenso-cx10-capsulas\/\",\"url\":\"https:\/\/segafredo.pt\/product\/intenso-cx10-capsulas\/\",\"name\":\"Segafredo Intenso 10 c\u00e1psulas - Segafredo\",\"isPartOf\":{\"@id\":\"https:\/\/segafredo.pt\/#website\"},\"primaryImageOfPage\":{\"@id\":\"https:\/\/segafredo.pt\/product\/intenso-cx10-capsulas\/#primaryimage\"},\"image\":{\"@id\":\"https:\/\/segafredo.pt\/product\/intenso-cx10-capsulas\/#primaryimage\"},\"thumbnailUrl\":\"https:\/\/segafredo.pt\/wp-content\/uploads\/2024\/06\/cap-aluminio-SZ_frente_intenso_fev2022.jpg\",\"datePublished\":\"2024-06-18T09:11:16+00:00\",\"dateModified\":\"2024-11-16T18:47:05+00:00\",\"breadcrumb\":{\"@id\":\"https:\/\/segafredo.pt\/product\/intenso-cx10-capsulas\/#breadcrumb\"},\"inLanguage\":\"en-GB\",\"potentialAction\":[{\"@type\":\"ReadAction\",\"target\":[\"https:\/\/segafredo.pt\/product\/intenso-cx10-capsulas\/\"]}]},{\"@type\":\"ImageObject\",\"inLanguage\":\"en-GB\",\"@id\":\"https:\/\/segafredo.pt\/product\/intenso-cx10-capsulas\/#primaryimage\",\"url\":\"https:\/\/segafredo.pt\/wp-content\/uploads\/2024\/06\/cap-aluminio-SZ_frente_intenso_fev2022.jpg\",\"contentUrl\":\"https:\/\/segafredo.pt\/wp-content\/uploads\/2024\/06\/cap-aluminio-SZ_frente_intenso_fev2022.jpg\",\"width\":1100,\"height\":1500},{\"@type\":\"BreadcrumbList\",\"@id\":\"https:\/\/segafredo.pt\/product\/intenso-cx10-capsulas\/#breadcrumb\",\"itemListElement\":[{\"@type\":\"ListItem\",\"position\":1,\"name\":\"Home\",\"item\":\"https:\/\/segafredo.pt\/\"},{\"@type\":\"ListItem\",\"position\":2,\"name\":\"Produtos\",\"item\":\"https:\/\/segafredo.pt\/produtos\/\"},{\"@type\":\"ListItem\",\"position\":3,\"name\":\"Segafredo Intenso 10 c\u00e1psulas\"}]},{\"@type\":\"WebSite\",\"@id\":\"https:\/\/segafredo.pt\/#website\",\"url\":\"https:\/\/segafredo.pt\/\",\"name\":\"Segafredo\",\"description\":\"\",\"publisher\":{\"@id\":\"https:\/\/segafredo.pt\/#organization\"},\"potentialAction\":[{\"@type\":\"SearchAction\",\"target\":{\"@type\":\"EntryPoint\",\"urlTemplate\":\"https:\/\/segafredo.pt\/?s={search_term_string}\"},\"query-input\":{\"@type\":\"PropertyValueSpecification\",\"valueRequired\":true,\"valueName\":\"search_term_string\"}}],\"inLanguage\":\"en-GB\"},{\"@type\":\"Organization\",\"@id\":\"https:\/\/segafredo.pt\/#organization\",\"name\":\"Segafredo\",\"url\":\"https:\/\/segafredo.pt\/\",\"logo\":{\"@type\":\"ImageObject\",\"inLanguage\":\"en-GB\",\"@id\":\"https:\/\/segafredo.pt\/#\/schema\/logo\/image\/\",\"url\":\"https:\/\/segafredo.pt\/wp-content\/uploads\/2024\/05\/loudzap-logo-1603185532.png\",\"contentUrl\":\"https:\/\/segafredo.pt\/wp-content\/uploads\/2024\/05\/loudzap-logo-1603185532.png\",\"width\":340,\"height\":176,\"caption\":\"Segafredo\"},\"image\":{\"@id\":\"https:\/\/segafredo.pt\/#\/schema\/logo\/image\/\"}}]}<\/script>\n<!-- \/ Yoast SEO plugin. -->","yoast_head_json":{"title":"Segafredo Intenso 10 c\u00e1psulas - Segafredo","robots":{"index":"index","follow":"follow","max-snippet":"max-snippet:-1","max-image-preview":"max-image-preview:large","max-video-preview":"max-video-preview:-1"},"canonical":"https:\/\/segafredo.pt\/en\/product\/intenso-cx10-capsulas\/","og_locale":"en_GB","og_type":"article","og_title":"Segafredo Intenso 10 c\u00e1psulas - Segafredo","og_description":"Descubra a intensidade robusta e envolvente das nossas c\u00e1psulas Intenso. Cuidadosamente embaladas em c\u00e1psulas de alum\u00ednio para garantir a frescura m\u00e1xima, este blend \u00e9 perfeito para quem aprecia um caf\u00e9 forte com notas profundas e um sabor persistente. Desperta os teus sentidos com cada espresso, criado para oferecer um sabor intenso e uma crema rica e sedosa. Ideal para come\u00e7ar o dia com energia ou para um impulso de vitalidade a qualquer hora.  &nbsp;   \u00a0  &nbsp;  C\u00e1psulas compat\u00edveis com as m\u00e1quinas de uso dom\u00e9stico Nespresso\u00ae*  &nbsp; (*) Marca registada em nome de empresa n\u00e3o relacionada com a Massimo Zanetti Beverage Ib\u00e9ria S.A.","og_url":"https:\/\/segafredo.pt\/en\/product\/intenso-cx10-capsulas\/","og_site_name":"Segafredo","article_modified_time":"2024-11-16T18:47:05+00:00","og_image":[{"width":1100,"height":1500,"url":"https:\/\/segafredo.pt\/wp-content\/uploads\/2024\/06\/cap-aluminio-SZ_frente_intenso_fev2022.jpg","type":"image\/jpeg"}],"twitter_card":"summary_large_image","schema":{"@context":"https:\/\/schema.org","@graph":[{"@type":"WebPage","@id":"https:\/\/segafredo.pt\/product\/intenso-cx10-capsulas\/","url":"https:\/\/segafredo.pt\/product\/intenso-cx10-capsulas\/","name":"Segafredo Intenso 10 c\u00e1psulas - Segafredo","isPartOf":{"@id":"https:\/\/segafredo.pt\/#website"},"primaryImageOfPage":{"@id":"https:\/\/segafredo.pt\/product\/intenso-cx10-capsulas\/#primaryimage"},"image":{"@id":"https:\/\/segafredo.pt\/product\/intenso-cx10-capsulas\/#primaryimage"},"thumbnailUrl":"https:\/\/segafredo.pt\/wp-content\/uploads\/2024\/06\/cap-aluminio-SZ_frente_intenso_fev2022.jpg","datePublished":"2024-06-18T09:11:16+00:00","dateModified":"2024-11-16T18:47:05+00:00","breadcrumb":{"@id":"https:\/\/segafredo.pt\/product\/intenso-cx10-capsulas\/#breadcrumb"},"inLanguage":"en-GB","potentialAction":[{"@type":"ReadAction","target":["https:\/\/segafredo.pt\/product\/intenso-cx10-capsulas\/"]}]},{"@type":"ImageObject","inLanguage":"en-GB","@id":"https:\/\/segafredo.pt\/product\/intenso-cx10-capsulas\/#primaryimage","url":"https:\/\/segafredo.pt\/wp-content\/uploads\/2024\/06\/cap-aluminio-SZ_frente_intenso_fev2022.jpg","contentUrl":"https:\/\/segafredo.pt\/wp-content\/uploads\/2024\/06\/cap-aluminio-SZ_frente_intenso_fev2022.jpg","width":1100,"height":1500},{"@type":"BreadcrumbList","@id":"https:\/\/segafredo.pt\/product\/intenso-cx10-capsulas\/#breadcrumb","itemListElement":[{"@type":"ListItem","position":1,"name":"Home","item":"https:\/\/segafredo.pt\/"},{"@type":"ListItem","position":2,"name":"Produtos","item":"https:\/\/segafredo.pt\/produtos\/"},{"@type":"ListItem","position":3,"name":"Segafredo Intenso 10 c\u00e1psulas"}]},{"@type":"WebSite","@id":"https:\/\/segafredo.pt\/#website","url":"https:\/\/segafredo.pt\/","name":"Segafredo","description":"","publisher":{"@id":"https:\/\/segafredo.pt\/#organization"},"potentialAction":[{"@type":"SearchAction","target":{"@type":"EntryPoint","urlTemplate":"https:\/\/segafredo.pt\/?s={search_term_string}"},"query-input":{"@type":"PropertyValueSpecification","valueRequired":true,"valueName":"search_term_string"}}],"inLanguage":"en-GB"},{"@type":"Organization","@id":"https:\/\/segafredo.pt\/#organization","name":"Segafredo","url":"https:\/\/segafredo.pt\/","logo":{"@type":"ImageObject","inLanguage":"en-GB","@id":"https:\/\/segafredo.pt\/#\/schema\/logo\/image\/","url":"https:\/\/segafredo.pt\/wp-content\/uploads\/2024\/05\/loudzap-logo-1603185532.png","contentUrl":"https:\/\/segafredo.pt\/wp-content\/uploads\/2024\/05\/loudzap-logo-1603185532.png","width":340,"height":176,"caption":"Segafredo"},"image":{"@id":"https:\/\/segafredo.pt\/#\/schema\/logo\/image\/"}}]}},"_links":{"self":[{"href":"https:\/\/segafredo.pt\/en\/wp-json\/wp\/v2\/product\/278","targetHints":{"allow":["GET"]}}],"collection":[{"href":"https:\/\/segafredo.pt\/en\/wp-json\/wp\/v2\/product"}],"about":[{"href":"https:\/\/segafredo.pt\/en\/wp-json\/wp\/v2\/types\/product"}],"wp:featuredmedia":[{"embeddable":true,"href":"https:\/\/segafredo.pt\/en\/wp-json\/wp\/v2\/media\/305"}],"wp:attachment":[{"href":"https:\/\/segafredo.pt\/en\/wp-json\/wp\/v2\/media?parent=278"}],"wp:term":[{"taxonomy":"product_brand","embeddable":true,"href":"https:\/\/segafredo.pt\/en\/wp-json\/wp\/v2\/product_brand?post=278"},{"taxonomy":"product_cat","embeddable":true,"href":"https:\/\/segafredo.pt\/en\/wp-json\/wp\/v2\/product_cat?post=278"},{"taxonomy":"product_tag","embeddable":true,"href":"https:\/\/segafredo.pt\/en\/wp-json\/wp\/v2\/product_tag?post=278"}],"curies":[{"name":"wp","href":"https:\/\/api.w.org\/{rel}","templated":true}]}}