{"id":295,"date":"2024-06-18T09:15:17","date_gmt":"2024-06-18T09:15:17","guid":{"rendered":"https:\/\/segafredo.hdonline.pt\/?post_type=product&#038;p=295"},"modified":"2025-01-31T12:18:05","modified_gmt":"2025-01-31T12:18:05","slug":"terramia-1kg-grao","status":"publish","type":"product","link":"https:\/\/segafredo.pt\/en\/product\/terramia-1kg-grao\/","title":{"rendered":"Terramia (1kg) grain"},"content":{"rendered":"<p>This blend combines high quality Arabica and Robusta beans, carefully selected and roasted to highlight notes of caramel and dried fruits. With balanced acidity, full body and rich cream, Terramia provides an engaging and sophisticated flavor experience.<\/p>","protected":false},"excerpt":{"rendered":"<p>This blend combines high quality Arabica and Robusta beans, carefully selected and roasted to highlight notes of caramel and dried fruits. With balanced acidity, full body and rich cream, Terramia provides an engaging and sophisticated flavor experience.<\/p>","protected":false},"featured_media":1408,"template":"","meta":[],"product_brand":[],"product_cat":[25],"product_tag":[],"class_list":{"0":"post-295","1":"product","2":"type-product","3":"status-publish","4":"has-post-thumbnail","6":"product_cat-grao-profissional","8":"first","9":"instock","10":"shipping-taxable","11":"product-type-simple"},"yoast_head":"<!-- This site is optimized with the Yoast SEO plugin v26.7 - https:\/\/yoast.com\/wordpress\/plugins\/seo\/ -->\n<title>Terramia (1kg) gr\u00e3o - Segafredo<\/title>\n<meta name=\"robots\" content=\"index, follow, max-snippet:-1, max-image-preview:large, max-video-preview:-1\" \/>\n<link rel=\"canonical\" href=\"https:\/\/segafredo.pt\/en\/product\/terramia-1kg-grao\/\" \/>\n<meta property=\"og:locale\" content=\"en_GB\" \/>\n<meta property=\"og:type\" content=\"article\" \/>\n<meta property=\"og:title\" content=\"Terramia (1kg) gr\u00e3o - Segafredo\" \/>\n<meta property=\"og:description\" content=\"Este blend combina gr\u00e3os de Ar\u00e1bica e Robusta de alta qualidade, cuidadosamente selecionados e torrados para real\u00e7ar notas de caramelo e frutos secos. Com uma acidez equilibrada, corpo pleno e um creme rico, o Terramia proporciona uma experi\u00eancia de sabor envolvente e sofisticada.\" \/>\n<meta property=\"og:url\" content=\"https:\/\/segafredo.pt\/en\/product\/terramia-1kg-grao\/\" \/>\n<meta property=\"og:site_name\" content=\"Segafredo\" \/>\n<meta property=\"article:modified_time\" content=\"2025-01-31T12:18:05+00:00\" \/>\n<meta property=\"og:image\" content=\"https:\/\/segafredo.pt\/wp-content\/uploads\/2025\/01\/terramia-grao_1_5_11zon.jpg\" \/>\n\t<meta property=\"og:image:width\" content=\"1100\" \/>\n\t<meta property=\"og:image:height\" content=\"1420\" \/>\n\t<meta property=\"og:image:type\" content=\"image\/jpeg\" \/>\n<meta name=\"twitter:card\" content=\"summary_large_image\" \/>\n<script type=\"application\/ld+json\" class=\"yoast-schema-graph\">{\"@context\":\"https:\/\/schema.org\",\"@graph\":[{\"@type\":\"WebPage\",\"@id\":\"https:\/\/segafredo.pt\/product\/terramia-1kg-grao\/\",\"url\":\"https:\/\/segafredo.pt\/product\/terramia-1kg-grao\/\",\"name\":\"Terramia (1kg) gr\u00e3o - Segafredo\",\"isPartOf\":{\"@id\":\"https:\/\/segafredo.pt\/#website\"},\"primaryImageOfPage\":{\"@id\":\"https:\/\/segafredo.pt\/product\/terramia-1kg-grao\/#primaryimage\"},\"image\":{\"@id\":\"https:\/\/segafredo.pt\/product\/terramia-1kg-grao\/#primaryimage\"},\"thumbnailUrl\":\"https:\/\/segafredo.pt\/wp-content\/uploads\/2025\/01\/terramia-grao_1_5_11zon.jpg\",\"datePublished\":\"2024-06-18T09:15:17+00:00\",\"dateModified\":\"2025-01-31T12:18:05+00:00\",\"breadcrumb\":{\"@id\":\"https:\/\/segafredo.pt\/product\/terramia-1kg-grao\/#breadcrumb\"},\"inLanguage\":\"en-GB\",\"potentialAction\":[{\"@type\":\"ReadAction\",\"target\":[\"https:\/\/segafredo.pt\/product\/terramia-1kg-grao\/\"]}]},{\"@type\":\"ImageObject\",\"inLanguage\":\"en-GB\",\"@id\":\"https:\/\/segafredo.pt\/product\/terramia-1kg-grao\/#primaryimage\",\"url\":\"https:\/\/segafredo.pt\/wp-content\/uploads\/2025\/01\/terramia-grao_1_5_11zon.jpg\",\"contentUrl\":\"https:\/\/segafredo.pt\/wp-content\/uploads\/2025\/01\/terramia-grao_1_5_11zon.jpg\",\"width\":1100,\"height\":1420},{\"@type\":\"BreadcrumbList\",\"@id\":\"https:\/\/segafredo.pt\/product\/terramia-1kg-grao\/#breadcrumb\",\"itemListElement\":[{\"@type\":\"ListItem\",\"position\":1,\"name\":\"Home\",\"item\":\"https:\/\/segafredo.pt\/\"},{\"@type\":\"ListItem\",\"position\":2,\"name\":\"Produtos\",\"item\":\"https:\/\/segafredo.pt\/produtos\/\"},{\"@type\":\"ListItem\",\"position\":3,\"name\":\"Terramia (1kg) gr\u00e3o\"}]},{\"@type\":\"WebSite\",\"@id\":\"https:\/\/segafredo.pt\/#website\",\"url\":\"https:\/\/segafredo.pt\/\",\"name\":\"Segafredo\",\"description\":\"\",\"publisher\":{\"@id\":\"https:\/\/segafredo.pt\/#organization\"},\"potentialAction\":[{\"@type\":\"SearchAction\",\"target\":{\"@type\":\"EntryPoint\",\"urlTemplate\":\"https:\/\/segafredo.pt\/?s={search_term_string}\"},\"query-input\":{\"@type\":\"PropertyValueSpecification\",\"valueRequired\":true,\"valueName\":\"search_term_string\"}}],\"inLanguage\":\"en-GB\"},{\"@type\":\"Organization\",\"@id\":\"https:\/\/segafredo.pt\/#organization\",\"name\":\"Segafredo\",\"url\":\"https:\/\/segafredo.pt\/\",\"logo\":{\"@type\":\"ImageObject\",\"inLanguage\":\"en-GB\",\"@id\":\"https:\/\/segafredo.pt\/#\/schema\/logo\/image\/\",\"url\":\"https:\/\/segafredo.pt\/wp-content\/uploads\/2024\/05\/loudzap-logo-1603185532.png\",\"contentUrl\":\"https:\/\/segafredo.pt\/wp-content\/uploads\/2024\/05\/loudzap-logo-1603185532.png\",\"width\":340,\"height\":176,\"caption\":\"Segafredo\"},\"image\":{\"@id\":\"https:\/\/segafredo.pt\/#\/schema\/logo\/image\/\"}}]}<\/script>\n<!-- \/ Yoast SEO plugin. -->","yoast_head_json":{"title":"Terramia (1kg) gr\u00e3o - Segafredo","robots":{"index":"index","follow":"follow","max-snippet":"max-snippet:-1","max-image-preview":"max-image-preview:large","max-video-preview":"max-video-preview:-1"},"canonical":"https:\/\/segafredo.pt\/en\/product\/terramia-1kg-grao\/","og_locale":"en_GB","og_type":"article","og_title":"Terramia (1kg) gr\u00e3o - Segafredo","og_description":"Este blend combina gr\u00e3os de Ar\u00e1bica e Robusta de alta qualidade, cuidadosamente selecionados e torrados para real\u00e7ar notas de caramelo e frutos secos. Com uma acidez equilibrada, corpo pleno e um creme rico, o Terramia proporciona uma experi\u00eancia de sabor envolvente e sofisticada.","og_url":"https:\/\/segafredo.pt\/en\/product\/terramia-1kg-grao\/","og_site_name":"Segafredo","article_modified_time":"2025-01-31T12:18:05+00:00","og_image":[{"width":1100,"height":1420,"url":"https:\/\/segafredo.pt\/wp-content\/uploads\/2025\/01\/terramia-grao_1_5_11zon.jpg","type":"image\/jpeg"}],"twitter_card":"summary_large_image","schema":{"@context":"https:\/\/schema.org","@graph":[{"@type":"WebPage","@id":"https:\/\/segafredo.pt\/product\/terramia-1kg-grao\/","url":"https:\/\/segafredo.pt\/product\/terramia-1kg-grao\/","name":"Terramia (1kg) gr\u00e3o - Segafredo","isPartOf":{"@id":"https:\/\/segafredo.pt\/#website"},"primaryImageOfPage":{"@id":"https:\/\/segafredo.pt\/product\/terramia-1kg-grao\/#primaryimage"},"image":{"@id":"https:\/\/segafredo.pt\/product\/terramia-1kg-grao\/#primaryimage"},"thumbnailUrl":"https:\/\/segafredo.pt\/wp-content\/uploads\/2025\/01\/terramia-grao_1_5_11zon.jpg","datePublished":"2024-06-18T09:15:17+00:00","dateModified":"2025-01-31T12:18:05+00:00","breadcrumb":{"@id":"https:\/\/segafredo.pt\/product\/terramia-1kg-grao\/#breadcrumb"},"inLanguage":"en-GB","potentialAction":[{"@type":"ReadAction","target":["https:\/\/segafredo.pt\/product\/terramia-1kg-grao\/"]}]},{"@type":"ImageObject","inLanguage":"en-GB","@id":"https:\/\/segafredo.pt\/product\/terramia-1kg-grao\/#primaryimage","url":"https:\/\/segafredo.pt\/wp-content\/uploads\/2025\/01\/terramia-grao_1_5_11zon.jpg","contentUrl":"https:\/\/segafredo.pt\/wp-content\/uploads\/2025\/01\/terramia-grao_1_5_11zon.jpg","width":1100,"height":1420},{"@type":"BreadcrumbList","@id":"https:\/\/segafredo.pt\/product\/terramia-1kg-grao\/#breadcrumb","itemListElement":[{"@type":"ListItem","position":1,"name":"Home","item":"https:\/\/segafredo.pt\/"},{"@type":"ListItem","position":2,"name":"Produtos","item":"https:\/\/segafredo.pt\/produtos\/"},{"@type":"ListItem","position":3,"name":"Terramia (1kg) gr\u00e3o"}]},{"@type":"WebSite","@id":"https:\/\/segafredo.pt\/#website","url":"https:\/\/segafredo.pt\/","name":"Segafredo","description":"","publisher":{"@id":"https:\/\/segafredo.pt\/#organization"},"potentialAction":[{"@type":"SearchAction","target":{"@type":"EntryPoint","urlTemplate":"https:\/\/segafredo.pt\/?s={search_term_string}"},"query-input":{"@type":"PropertyValueSpecification","valueRequired":true,"valueName":"search_term_string"}}],"inLanguage":"en-GB"},{"@type":"Organization","@id":"https:\/\/segafredo.pt\/#organization","name":"Segafredo","url":"https:\/\/segafredo.pt\/","logo":{"@type":"ImageObject","inLanguage":"en-GB","@id":"https:\/\/segafredo.pt\/#\/schema\/logo\/image\/","url":"https:\/\/segafredo.pt\/wp-content\/uploads\/2024\/05\/loudzap-logo-1603185532.png","contentUrl":"https:\/\/segafredo.pt\/wp-content\/uploads\/2024\/05\/loudzap-logo-1603185532.png","width":340,"height":176,"caption":"Segafredo"},"image":{"@id":"https:\/\/segafredo.pt\/#\/schema\/logo\/image\/"}}]}},"_links":{"self":[{"href":"https:\/\/segafredo.pt\/en\/wp-json\/wp\/v2\/product\/295","targetHints":{"allow":["GET"]}}],"collection":[{"href":"https:\/\/segafredo.pt\/en\/wp-json\/wp\/v2\/product"}],"about":[{"href":"https:\/\/segafredo.pt\/en\/wp-json\/wp\/v2\/types\/product"}],"wp:featuredmedia":[{"embeddable":true,"href":"https:\/\/segafredo.pt\/en\/wp-json\/wp\/v2\/media\/1408"}],"wp:attachment":[{"href":"https:\/\/segafredo.pt\/en\/wp-json\/wp\/v2\/media?parent=295"}],"wp:term":[{"taxonomy":"product_brand","embeddable":true,"href":"https:\/\/segafredo.pt\/en\/wp-json\/wp\/v2\/product_brand?post=295"},{"taxonomy":"product_cat","embeddable":true,"href":"https:\/\/segafredo.pt\/en\/wp-json\/wp\/v2\/product_cat?post=295"},{"taxonomy":"product_tag","embeddable":true,"href":"https:\/\/segafredo.pt\/en\/wp-json\/wp\/v2\/product_tag?post=295"}],"curies":[{"name":"wp","href":"https:\/\/api.w.org\/{rel}","templated":true}]}}