{"id":297,"date":"2024-06-18T09:14:17","date_gmt":"2024-06-18T09:14:17","guid":{"rendered":"https:\/\/segafredo.hdonline.pt\/?post_type=product&#038;p=297"},"modified":"2025-02-14T16:41:45","modified_gmt":"2025-02-14T16:41:45","slug":"organico","status":"publish","type":"product","link":"https:\/\/segafredo.pt\/en\/product\/organico\/","title":{"rendered":"Organic (1Kg) grain"},"content":{"rendered":"<p>Discover the purity and authenticity of our Segafredo Organic coffee beans. Made with carefully selected and roasted Arabica and Robusta beans, it offers a rich flavor profile with notes of chocolate and dried fruits. With balanced acidity, medium body and a smooth cream, Segafredo Org\u00e2nico provides a natural and sustainable coffee experience, ideal for those who value both flavor and respect for the environment.<\/p>","protected":false},"excerpt":{"rendered":"<p>Discover the purity and authenticity of our Segafredo Organic coffee beans. Made with carefully selected and roasted Arabica and Robusta beans, it offers a rich flavor profile with notes of chocolate and dried fruits. With balanced acidity, medium body and a smooth cream, Segafredo Org\u00e2nico provides a natural and sustainable coffee experience, ideal for those who value both flavor and respect for the environment.<\/p>","protected":false},"featured_media":341,"template":"","meta":[],"product_brand":[],"product_cat":[25],"product_tag":[],"class_list":{"0":"post-297","1":"product","2":"type-product","3":"status-publish","4":"has-post-thumbnail","6":"product_cat-grao-profissional","8":"first","9":"instock","10":"shipping-taxable","11":"product-type-simple"},"yoast_head":"<!-- This site is optimized with the Yoast SEO plugin v26.7 - https:\/\/yoast.com\/wordpress\/plugins\/seo\/ -->\n<title>Org\u00e2nico (1kg) gr\u00e3o - Segafredo<\/title>\n<meta name=\"robots\" content=\"index, follow, max-snippet:-1, max-image-preview:large, max-video-preview:-1\" \/>\n<link rel=\"canonical\" href=\"https:\/\/segafredo.pt\/en\/product\/organico\/\" \/>\n<meta property=\"og:locale\" content=\"en_GB\" \/>\n<meta property=\"og:type\" content=\"article\" \/>\n<meta property=\"og:title\" content=\"Org\u00e2nico (1kg) gr\u00e3o - Segafredo\" \/>\n<meta property=\"og:description\" content=\"Descubra a pureza e a autenticidade do nosso caf\u00e9 Segafredo Org\u00e2nico em gr\u00e3o. Feito com gr\u00e3os de Ar\u00e1bica e Robusta cuidadosamente selecionados e torrados, oferece um perfil de sabor rico com notas de chocolate e frutos secos. Com uma acidez equilibrada, corpo m\u00e9dio e um creme suave, o Segafredo Org\u00e2nico proporciona uma experi\u00eancia de caf\u00e9 natural e sustent\u00e1vel, ideal para quem valoriza tanto o sabor quanto o respeito pelo meio ambiente.\" \/>\n<meta property=\"og:url\" content=\"https:\/\/segafredo.pt\/en\/product\/organico\/\" \/>\n<meta property=\"og:site_name\" content=\"Segafredo\" \/>\n<meta property=\"article:modified_time\" content=\"2025-02-14T16:41:45+00:00\" \/>\n<meta property=\"og:image\" content=\"https:\/\/segafredo.pt\/wp-content\/uploads\/2024\/06\/Segafredo_Organic_front.jpg\" \/>\n\t<meta property=\"og:image:width\" content=\"1100\" \/>\n\t<meta property=\"og:image:height\" content=\"1420\" \/>\n\t<meta property=\"og:image:type\" content=\"image\/jpeg\" \/>\n<meta name=\"twitter:card\" content=\"summary_large_image\" \/>\n<script type=\"application\/ld+json\" class=\"yoast-schema-graph\">{\"@context\":\"https:\/\/schema.org\",\"@graph\":[{\"@type\":\"WebPage\",\"@id\":\"https:\/\/segafredo.pt\/product\/organico\/\",\"url\":\"https:\/\/segafredo.pt\/product\/organico\/\",\"name\":\"Org\u00e2nico (1kg) gr\u00e3o - Segafredo\",\"isPartOf\":{\"@id\":\"https:\/\/segafredo.pt\/#website\"},\"primaryImageOfPage\":{\"@id\":\"https:\/\/segafredo.pt\/product\/organico\/#primaryimage\"},\"image\":{\"@id\":\"https:\/\/segafredo.pt\/product\/organico\/#primaryimage\"},\"thumbnailUrl\":\"https:\/\/segafredo.pt\/wp-content\/uploads\/2024\/06\/Segafredo_Organic_front.jpg\",\"datePublished\":\"2024-06-18T09:14:17+00:00\",\"dateModified\":\"2025-02-14T16:41:45+00:00\",\"breadcrumb\":{\"@id\":\"https:\/\/segafredo.pt\/product\/organico\/#breadcrumb\"},\"inLanguage\":\"en-GB\",\"potentialAction\":[{\"@type\":\"ReadAction\",\"target\":[\"https:\/\/segafredo.pt\/product\/organico\/\"]}]},{\"@type\":\"ImageObject\",\"inLanguage\":\"en-GB\",\"@id\":\"https:\/\/segafredo.pt\/product\/organico\/#primaryimage\",\"url\":\"https:\/\/segafredo.pt\/wp-content\/uploads\/2024\/06\/Segafredo_Organic_front.jpg\",\"contentUrl\":\"https:\/\/segafredo.pt\/wp-content\/uploads\/2024\/06\/Segafredo_Organic_front.jpg\",\"width\":1100,\"height\":1420},{\"@type\":\"BreadcrumbList\",\"@id\":\"https:\/\/segafredo.pt\/product\/organico\/#breadcrumb\",\"itemListElement\":[{\"@type\":\"ListItem\",\"position\":1,\"name\":\"Home\",\"item\":\"https:\/\/segafredo.pt\/\"},{\"@type\":\"ListItem\",\"position\":2,\"name\":\"Produtos\",\"item\":\"https:\/\/segafredo.pt\/produtos\/\"},{\"@type\":\"ListItem\",\"position\":3,\"name\":\"Org\u00e2nico (1kg) gr\u00e3o\"}]},{\"@type\":\"WebSite\",\"@id\":\"https:\/\/segafredo.pt\/#website\",\"url\":\"https:\/\/segafredo.pt\/\",\"name\":\"Segafredo\",\"description\":\"\",\"publisher\":{\"@id\":\"https:\/\/segafredo.pt\/#organization\"},\"potentialAction\":[{\"@type\":\"SearchAction\",\"target\":{\"@type\":\"EntryPoint\",\"urlTemplate\":\"https:\/\/segafredo.pt\/?s={search_term_string}\"},\"query-input\":{\"@type\":\"PropertyValueSpecification\",\"valueRequired\":true,\"valueName\":\"search_term_string\"}}],\"inLanguage\":\"en-GB\"},{\"@type\":\"Organization\",\"@id\":\"https:\/\/segafredo.pt\/#organization\",\"name\":\"Segafredo\",\"url\":\"https:\/\/segafredo.pt\/\",\"logo\":{\"@type\":\"ImageObject\",\"inLanguage\":\"en-GB\",\"@id\":\"https:\/\/segafredo.pt\/#\/schema\/logo\/image\/\",\"url\":\"https:\/\/segafredo.pt\/wp-content\/uploads\/2024\/05\/loudzap-logo-1603185532.png\",\"contentUrl\":\"https:\/\/segafredo.pt\/wp-content\/uploads\/2024\/05\/loudzap-logo-1603185532.png\",\"width\":340,\"height\":176,\"caption\":\"Segafredo\"},\"image\":{\"@id\":\"https:\/\/segafredo.pt\/#\/schema\/logo\/image\/\"}}]}<\/script>\n<!-- \/ Yoast SEO plugin. -->","yoast_head_json":{"title":"Org\u00e2nico (1kg) gr\u00e3o - Segafredo","robots":{"index":"index","follow":"follow","max-snippet":"max-snippet:-1","max-image-preview":"max-image-preview:large","max-video-preview":"max-video-preview:-1"},"canonical":"https:\/\/segafredo.pt\/en\/product\/organico\/","og_locale":"en_GB","og_type":"article","og_title":"Org\u00e2nico (1kg) gr\u00e3o - Segafredo","og_description":"Descubra a pureza e a autenticidade do nosso caf\u00e9 Segafredo Org\u00e2nico em gr\u00e3o. Feito com gr\u00e3os de Ar\u00e1bica e Robusta cuidadosamente selecionados e torrados, oferece um perfil de sabor rico com notas de chocolate e frutos secos. Com uma acidez equilibrada, corpo m\u00e9dio e um creme suave, o Segafredo Org\u00e2nico proporciona uma experi\u00eancia de caf\u00e9 natural e sustent\u00e1vel, ideal para quem valoriza tanto o sabor quanto o respeito pelo meio ambiente.","og_url":"https:\/\/segafredo.pt\/en\/product\/organico\/","og_site_name":"Segafredo","article_modified_time":"2025-02-14T16:41:45+00:00","og_image":[{"width":1100,"height":1420,"url":"https:\/\/segafredo.pt\/wp-content\/uploads\/2024\/06\/Segafredo_Organic_front.jpg","type":"image\/jpeg"}],"twitter_card":"summary_large_image","schema":{"@context":"https:\/\/schema.org","@graph":[{"@type":"WebPage","@id":"https:\/\/segafredo.pt\/product\/organico\/","url":"https:\/\/segafredo.pt\/product\/organico\/","name":"Org\u00e2nico (1kg) gr\u00e3o - Segafredo","isPartOf":{"@id":"https:\/\/segafredo.pt\/#website"},"primaryImageOfPage":{"@id":"https:\/\/segafredo.pt\/product\/organico\/#primaryimage"},"image":{"@id":"https:\/\/segafredo.pt\/product\/organico\/#primaryimage"},"thumbnailUrl":"https:\/\/segafredo.pt\/wp-content\/uploads\/2024\/06\/Segafredo_Organic_front.jpg","datePublished":"2024-06-18T09:14:17+00:00","dateModified":"2025-02-14T16:41:45+00:00","breadcrumb":{"@id":"https:\/\/segafredo.pt\/product\/organico\/#breadcrumb"},"inLanguage":"en-GB","potentialAction":[{"@type":"ReadAction","target":["https:\/\/segafredo.pt\/product\/organico\/"]}]},{"@type":"ImageObject","inLanguage":"en-GB","@id":"https:\/\/segafredo.pt\/product\/organico\/#primaryimage","url":"https:\/\/segafredo.pt\/wp-content\/uploads\/2024\/06\/Segafredo_Organic_front.jpg","contentUrl":"https:\/\/segafredo.pt\/wp-content\/uploads\/2024\/06\/Segafredo_Organic_front.jpg","width":1100,"height":1420},{"@type":"BreadcrumbList","@id":"https:\/\/segafredo.pt\/product\/organico\/#breadcrumb","itemListElement":[{"@type":"ListItem","position":1,"name":"Home","item":"https:\/\/segafredo.pt\/"},{"@type":"ListItem","position":2,"name":"Produtos","item":"https:\/\/segafredo.pt\/produtos\/"},{"@type":"ListItem","position":3,"name":"Org\u00e2nico (1kg) gr\u00e3o"}]},{"@type":"WebSite","@id":"https:\/\/segafredo.pt\/#website","url":"https:\/\/segafredo.pt\/","name":"Segafredo","description":"","publisher":{"@id":"https:\/\/segafredo.pt\/#organization"},"potentialAction":[{"@type":"SearchAction","target":{"@type":"EntryPoint","urlTemplate":"https:\/\/segafredo.pt\/?s={search_term_string}"},"query-input":{"@type":"PropertyValueSpecification","valueRequired":true,"valueName":"search_term_string"}}],"inLanguage":"en-GB"},{"@type":"Organization","@id":"https:\/\/segafredo.pt\/#organization","name":"Segafredo","url":"https:\/\/segafredo.pt\/","logo":{"@type":"ImageObject","inLanguage":"en-GB","@id":"https:\/\/segafredo.pt\/#\/schema\/logo\/image\/","url":"https:\/\/segafredo.pt\/wp-content\/uploads\/2024\/05\/loudzap-logo-1603185532.png","contentUrl":"https:\/\/segafredo.pt\/wp-content\/uploads\/2024\/05\/loudzap-logo-1603185532.png","width":340,"height":176,"caption":"Segafredo"},"image":{"@id":"https:\/\/segafredo.pt\/#\/schema\/logo\/image\/"}}]}},"_links":{"self":[{"href":"https:\/\/segafredo.pt\/en\/wp-json\/wp\/v2\/product\/297","targetHints":{"allow":["GET"]}}],"collection":[{"href":"https:\/\/segafredo.pt\/en\/wp-json\/wp\/v2\/product"}],"about":[{"href":"https:\/\/segafredo.pt\/en\/wp-json\/wp\/v2\/types\/product"}],"wp:featuredmedia":[{"embeddable":true,"href":"https:\/\/segafredo.pt\/en\/wp-json\/wp\/v2\/media\/341"}],"wp:attachment":[{"href":"https:\/\/segafredo.pt\/en\/wp-json\/wp\/v2\/media?parent=297"}],"wp:term":[{"taxonomy":"product_brand","embeddable":true,"href":"https:\/\/segafredo.pt\/en\/wp-json\/wp\/v2\/product_brand?post=297"},{"taxonomy":"product_cat","embeddable":true,"href":"https:\/\/segafredo.pt\/en\/wp-json\/wp\/v2\/product_cat?post=297"},{"taxonomy":"product_tag","embeddable":true,"href":"https:\/\/segafredo.pt\/en\/wp-json\/wp\/v2\/product_tag?post=297"}],"curies":[{"name":"wp","href":"https:\/\/api.w.org\/{rel}","templated":true}]}}