{"id":740,"date":"2024-08-05T18:29:19","date_gmt":"2024-08-05T18:29:19","guid":{"rendered":"https:\/\/segafredo.hdonline.pt\/?post_type=product&#038;p=740"},"modified":"2024-09-14T10:47:08","modified_gmt":"2024-09-14T10:47:08","slug":"le-origini-brasil","status":"publish","type":"product","link":"https:\/\/segafredo.pt\/en\/product\/le-origini-brasil\/","title":{"rendered":"Le Origini Brasil"},"content":{"rendered":"<p>In the heart of Minas Gerais, on the largest single-unit coffee plantation in the world, Nossa Senhora da Guia, part of the Massimo Zanetti Beverage group, a coffee of superior balance and smoothness is born, with a delicate and fragrant flavor, enhanced by subtle nuances of honey.<\/p>\n<p>&nbsp;<\/p>\n<p>Roasted and ground coffee in single-dose capsules, packaged in a protective atmosphere.<\/p>\n<p>Quantity of capsules per box: 10 or 50 units.<\/p>\n<p>Weight of each capsule: 6 grams.<\/p>\n<p>Capsules compatible exclusively with the entire range of Segafredo Zanetti Coffee System machines<\/p>","protected":false},"excerpt":{"rendered":"<p>In the heart of Minas Gerais, on the largest single-unit coffee plantation in the world, Nossa Senhora da Guia, part of the Massimo Zanetti Beverage group, a coffee of superior balance and smoothness is born, with a delicate and fragrant flavor, enhanced by subtle nuances of honey.<\/p>\n<p>&nbsp;<\/p>\n<p>Roasted and ground coffee in single-dose capsules, packaged in a protective atmosphere.<\/p>\n<p>Quantity of capsules per box: 10 or 50 units.<\/p>\n<p>Weight of each capsule: 6 grams.<\/p>\n<p>Capsules compatible exclusively with the entire range of Segafredo Zanetti Coffee System machines<\/p>","protected":false},"featured_media":741,"template":"","meta":[],"product_brand":[],"product_cat":[26],"product_tag":[],"class_list":{"0":"post-740","1":"product","2":"type-product","3":"status-publish","4":"has-post-thumbnail","6":"product_cat-coffee-system","8":"first","9":"instock","10":"shipping-taxable","11":"product-type-simple"},"yoast_head":"<!-- This site is optimized with the Yoast SEO plugin v26.7 - https:\/\/yoast.com\/wordpress\/plugins\/seo\/ -->\n<title>Le Origini Brasil - Segafredo<\/title>\n<meta name=\"robots\" content=\"index, follow, max-snippet:-1, max-image-preview:large, max-video-preview:-1\" \/>\n<link rel=\"canonical\" href=\"https:\/\/segafredo.pt\/en\/product\/le-origini-brasil\/\" \/>\n<meta property=\"og:locale\" content=\"en_GB\" \/>\n<meta property=\"og:type\" content=\"article\" \/>\n<meta property=\"og:title\" content=\"Le Origini Brasil - Segafredo\" \/>\n<meta property=\"og:description\" content=\"No cora\u00e7\u00e3o de Minas Gerais, na maior planta\u00e7\u00e3o de caf\u00e9 de unidade \u00fanica do mundo, Nossa Senhora da Guia, do grupo Massimo Zanetti Beverage, nasce um caf\u00e9 de equil\u00edbrio e suavidade superiores, com um sabor delicado e fragrante, real\u00e7ado por subtis nuances de mel.  &nbsp;  Caf\u00e9 torrado e mo\u00eddo em c\u00e1psulas de dose \u00fanica, embaladas em atmosfera protetora.  Quantidade de c\u00e1psulas por caixa: 10 ou 50 unidades.  Peso de cada c\u00e1psula: 6 gramas.  C\u00e1psulas compat\u00edveis exclusivamente com toda a gama de m\u00e1quinas do Sistema de Caf\u00e9 Segafredo Zanetti\" \/>\n<meta property=\"og:url\" content=\"https:\/\/segafredo.pt\/en\/product\/le-origini-brasil\/\" \/>\n<meta property=\"og:site_name\" content=\"Segafredo\" \/>\n<meta property=\"article:modified_time\" content=\"2024-09-14T10:47:08+00:00\" \/>\n<meta property=\"og:image\" content=\"https:\/\/segafredo.pt\/wp-content\/uploads\/2024\/08\/cap-brasil.jpg\" \/>\n\t<meta property=\"og:image:width\" content=\"1100\" \/>\n\t<meta property=\"og:image:height\" content=\"1500\" \/>\n\t<meta property=\"og:image:type\" content=\"image\/jpeg\" \/>\n<meta name=\"twitter:card\" content=\"summary_large_image\" \/>\n<script type=\"application\/ld+json\" class=\"yoast-schema-graph\">{\"@context\":\"https:\/\/schema.org\",\"@graph\":[{\"@type\":\"WebPage\",\"@id\":\"https:\/\/segafredo.pt\/product\/le-origini-brasil\/\",\"url\":\"https:\/\/segafredo.pt\/product\/le-origini-brasil\/\",\"name\":\"Le Origini Brasil - Segafredo\",\"isPartOf\":{\"@id\":\"https:\/\/segafredo.pt\/#website\"},\"primaryImageOfPage\":{\"@id\":\"https:\/\/segafredo.pt\/product\/le-origini-brasil\/#primaryimage\"},\"image\":{\"@id\":\"https:\/\/segafredo.pt\/product\/le-origini-brasil\/#primaryimage\"},\"thumbnailUrl\":\"https:\/\/segafredo.pt\/wp-content\/uploads\/2024\/08\/cap-brasil.jpg\",\"datePublished\":\"2024-08-05T18:29:19+00:00\",\"dateModified\":\"2024-09-14T10:47:08+00:00\",\"breadcrumb\":{\"@id\":\"https:\/\/segafredo.pt\/product\/le-origini-brasil\/#breadcrumb\"},\"inLanguage\":\"en-GB\",\"potentialAction\":[{\"@type\":\"ReadAction\",\"target\":[\"https:\/\/segafredo.pt\/product\/le-origini-brasil\/\"]}]},{\"@type\":\"ImageObject\",\"inLanguage\":\"en-GB\",\"@id\":\"https:\/\/segafredo.pt\/product\/le-origini-brasil\/#primaryimage\",\"url\":\"https:\/\/segafredo.pt\/wp-content\/uploads\/2024\/08\/cap-brasil.jpg\",\"contentUrl\":\"https:\/\/segafredo.pt\/wp-content\/uploads\/2024\/08\/cap-brasil.jpg\",\"width\":1100,\"height\":1500},{\"@type\":\"BreadcrumbList\",\"@id\":\"https:\/\/segafredo.pt\/product\/le-origini-brasil\/#breadcrumb\",\"itemListElement\":[{\"@type\":\"ListItem\",\"position\":1,\"name\":\"Home\",\"item\":\"https:\/\/segafredo.pt\/\"},{\"@type\":\"ListItem\",\"position\":2,\"name\":\"Produtos\",\"item\":\"https:\/\/segafredo.pt\/produtos\/\"},{\"@type\":\"ListItem\",\"position\":3,\"name\":\"Le Origini Brasil\"}]},{\"@type\":\"WebSite\",\"@id\":\"https:\/\/segafredo.pt\/#website\",\"url\":\"https:\/\/segafredo.pt\/\",\"name\":\"Segafredo\",\"description\":\"\",\"publisher\":{\"@id\":\"https:\/\/segafredo.pt\/#organization\"},\"potentialAction\":[{\"@type\":\"SearchAction\",\"target\":{\"@type\":\"EntryPoint\",\"urlTemplate\":\"https:\/\/segafredo.pt\/?s={search_term_string}\"},\"query-input\":{\"@type\":\"PropertyValueSpecification\",\"valueRequired\":true,\"valueName\":\"search_term_string\"}}],\"inLanguage\":\"en-GB\"},{\"@type\":\"Organization\",\"@id\":\"https:\/\/segafredo.pt\/#organization\",\"name\":\"Segafredo\",\"url\":\"https:\/\/segafredo.pt\/\",\"logo\":{\"@type\":\"ImageObject\",\"inLanguage\":\"en-GB\",\"@id\":\"https:\/\/segafredo.pt\/#\/schema\/logo\/image\/\",\"url\":\"https:\/\/segafredo.pt\/wp-content\/uploads\/2024\/05\/loudzap-logo-1603185532.png\",\"contentUrl\":\"https:\/\/segafredo.pt\/wp-content\/uploads\/2024\/05\/loudzap-logo-1603185532.png\",\"width\":340,\"height\":176,\"caption\":\"Segafredo\"},\"image\":{\"@id\":\"https:\/\/segafredo.pt\/#\/schema\/logo\/image\/\"}}]}<\/script>\n<!-- \/ Yoast SEO plugin. -->","yoast_head_json":{"title":"Le Origini Brasil - Segafredo","robots":{"index":"index","follow":"follow","max-snippet":"max-snippet:-1","max-image-preview":"max-image-preview:large","max-video-preview":"max-video-preview:-1"},"canonical":"https:\/\/segafredo.pt\/en\/product\/le-origini-brasil\/","og_locale":"en_GB","og_type":"article","og_title":"Le Origini Brasil - Segafredo","og_description":"No cora\u00e7\u00e3o de Minas Gerais, na maior planta\u00e7\u00e3o de caf\u00e9 de unidade \u00fanica do mundo, Nossa Senhora da Guia, do grupo Massimo Zanetti Beverage, nasce um caf\u00e9 de equil\u00edbrio e suavidade superiores, com um sabor delicado e fragrante, real\u00e7ado por subtis nuances de mel.  &nbsp;  Caf\u00e9 torrado e mo\u00eddo em c\u00e1psulas de dose \u00fanica, embaladas em atmosfera protetora.  Quantidade de c\u00e1psulas por caixa: 10 ou 50 unidades.  Peso de cada c\u00e1psula: 6 gramas.  C\u00e1psulas compat\u00edveis exclusivamente com toda a gama de m\u00e1quinas do Sistema de Caf\u00e9 Segafredo Zanetti","og_url":"https:\/\/segafredo.pt\/en\/product\/le-origini-brasil\/","og_site_name":"Segafredo","article_modified_time":"2024-09-14T10:47:08+00:00","og_image":[{"width":1100,"height":1500,"url":"https:\/\/segafredo.pt\/wp-content\/uploads\/2024\/08\/cap-brasil.jpg","type":"image\/jpeg"}],"twitter_card":"summary_large_image","schema":{"@context":"https:\/\/schema.org","@graph":[{"@type":"WebPage","@id":"https:\/\/segafredo.pt\/product\/le-origini-brasil\/","url":"https:\/\/segafredo.pt\/product\/le-origini-brasil\/","name":"Le Origini Brasil - Segafredo","isPartOf":{"@id":"https:\/\/segafredo.pt\/#website"},"primaryImageOfPage":{"@id":"https:\/\/segafredo.pt\/product\/le-origini-brasil\/#primaryimage"},"image":{"@id":"https:\/\/segafredo.pt\/product\/le-origini-brasil\/#primaryimage"},"thumbnailUrl":"https:\/\/segafredo.pt\/wp-content\/uploads\/2024\/08\/cap-brasil.jpg","datePublished":"2024-08-05T18:29:19+00:00","dateModified":"2024-09-14T10:47:08+00:00","breadcrumb":{"@id":"https:\/\/segafredo.pt\/product\/le-origini-brasil\/#breadcrumb"},"inLanguage":"en-GB","potentialAction":[{"@type":"ReadAction","target":["https:\/\/segafredo.pt\/product\/le-origini-brasil\/"]}]},{"@type":"ImageObject","inLanguage":"en-GB","@id":"https:\/\/segafredo.pt\/product\/le-origini-brasil\/#primaryimage","url":"https:\/\/segafredo.pt\/wp-content\/uploads\/2024\/08\/cap-brasil.jpg","contentUrl":"https:\/\/segafredo.pt\/wp-content\/uploads\/2024\/08\/cap-brasil.jpg","width":1100,"height":1500},{"@type":"BreadcrumbList","@id":"https:\/\/segafredo.pt\/product\/le-origini-brasil\/#breadcrumb","itemListElement":[{"@type":"ListItem","position":1,"name":"Home","item":"https:\/\/segafredo.pt\/"},{"@type":"ListItem","position":2,"name":"Produtos","item":"https:\/\/segafredo.pt\/produtos\/"},{"@type":"ListItem","position":3,"name":"Le Origini Brasil"}]},{"@type":"WebSite","@id":"https:\/\/segafredo.pt\/#website","url":"https:\/\/segafredo.pt\/","name":"Segafredo","description":"","publisher":{"@id":"https:\/\/segafredo.pt\/#organization"},"potentialAction":[{"@type":"SearchAction","target":{"@type":"EntryPoint","urlTemplate":"https:\/\/segafredo.pt\/?s={search_term_string}"},"query-input":{"@type":"PropertyValueSpecification","valueRequired":true,"valueName":"search_term_string"}}],"inLanguage":"en-GB"},{"@type":"Organization","@id":"https:\/\/segafredo.pt\/#organization","name":"Segafredo","url":"https:\/\/segafredo.pt\/","logo":{"@type":"ImageObject","inLanguage":"en-GB","@id":"https:\/\/segafredo.pt\/#\/schema\/logo\/image\/","url":"https:\/\/segafredo.pt\/wp-content\/uploads\/2024\/05\/loudzap-logo-1603185532.png","contentUrl":"https:\/\/segafredo.pt\/wp-content\/uploads\/2024\/05\/loudzap-logo-1603185532.png","width":340,"height":176,"caption":"Segafredo"},"image":{"@id":"https:\/\/segafredo.pt\/#\/schema\/logo\/image\/"}}]}},"_links":{"self":[{"href":"https:\/\/segafredo.pt\/en\/wp-json\/wp\/v2\/product\/740","targetHints":{"allow":["GET"]}}],"collection":[{"href":"https:\/\/segafredo.pt\/en\/wp-json\/wp\/v2\/product"}],"about":[{"href":"https:\/\/segafredo.pt\/en\/wp-json\/wp\/v2\/types\/product"}],"wp:featuredmedia":[{"embeddable":true,"href":"https:\/\/segafredo.pt\/en\/wp-json\/wp\/v2\/media\/741"}],"wp:attachment":[{"href":"https:\/\/segafredo.pt\/en\/wp-json\/wp\/v2\/media?parent=740"}],"wp:term":[{"taxonomy":"product_brand","embeddable":true,"href":"https:\/\/segafredo.pt\/en\/wp-json\/wp\/v2\/product_brand?post=740"},{"taxonomy":"product_cat","embeddable":true,"href":"https:\/\/segafredo.pt\/en\/wp-json\/wp\/v2\/product_cat?post=740"},{"taxonomy":"product_tag","embeddable":true,"href":"https:\/\/segafredo.pt\/en\/wp-json\/wp\/v2\/product_tag?post=740"}],"curies":[{"name":"wp","href":"https:\/\/api.w.org\/{rel}","templated":true}]}}