{"id":819,"date":"2024-08-05T19:24:35","date_gmt":"2024-08-05T19:24:35","guid":{"rendered":"https:\/\/segafredo.hdonline.pt\/?post_type=product&#038;p=819"},"modified":"2025-02-14T16:49:13","modified_gmt":"2025-02-14T16:49:13","slug":"cha-peppermint","status":"publish","type":"product","link":"https:\/\/segafredo.pt\/en\/product\/cha-peppermint\/","title":{"rendered":"Peppermint Infusion"},"content":{"rendered":"<p>For over 150 years, Brodies has been selecting the finest quality leaves to create a wide range of the most popular tea and infusion varieties. Bright green chopped leaves are used in this classic herbal tea that stimulates and refreshes \u2013 a wonderfully effective post-dinner \u201cdigestive\u201d that will soothe overworked stomachs and cleanse the palate.<\/p>","protected":false},"excerpt":{"rendered":"<p>For over 150 years, Brodies has been selecting the finest quality leaves to create a wide range of the most popular tea and infusion varieties. Bright green chopped leaves are used in this classic herbal tea that stimulates and refreshes \u2013 a wonderfully effective post-dinner \u201cdigestive\u201d that will soothe overworked stomachs and cleanse the palate.<\/p>","protected":false},"featured_media":799,"template":"","meta":[],"product_brand":[],"product_cat":[40],"product_tag":[],"class_list":{"0":"post-819","1":"product","2":"type-product","3":"status-publish","4":"has-post-thumbnail","6":"product_cat-chas","8":"first","9":"instock","10":"shipping-taxable","11":"product-type-simple"},"yoast_head":"<!-- This site is optimized with the Yoast SEO plugin v26.7 - https:\/\/yoast.com\/wordpress\/plugins\/seo\/ -->\n<title>Infus\u00e3o Peppermint - Segafredo<\/title>\n<meta name=\"robots\" content=\"index, follow, max-snippet:-1, max-image-preview:large, max-video-preview:-1\" \/>\n<link rel=\"canonical\" href=\"https:\/\/segafredo.pt\/en\/product\/cha-peppermint\/\" \/>\n<meta property=\"og:locale\" content=\"en_GB\" \/>\n<meta property=\"og:type\" content=\"article\" \/>\n<meta property=\"og:title\" content=\"Infus\u00e3o Peppermint - Segafredo\" \/>\n<meta property=\"og:description\" content=\"Desde h\u00e1 mais de 150 anos, a Brodies seleciona as melhores qualidades em folhas para criar uma ampla oferta das mais apreciadas variedades de ch\u00e1 e infus\u00f5es. Folhas verdes brilhantes cortadas s\u00e3o utilizadas neste ch\u00e1 de ervas cl\u00e1ssico que estimula e refresca - um \u201cdigestivo\u201d p\u00f3s-jantar maravilhosamente eficaz que ir\u00e1 acalmar est\u00f4magos sobrecarregados e limpar o paladar.\" \/>\n<meta property=\"og:url\" content=\"https:\/\/segafredo.pt\/en\/product\/cha-peppermint\/\" \/>\n<meta property=\"og:site_name\" content=\"Segafredo\" \/>\n<meta property=\"article:modified_time\" content=\"2025-02-14T16:49:13+00:00\" \/>\n<meta property=\"og:image\" content=\"https:\/\/segafredo.pt\/wp-content\/uploads\/2024\/08\/peppermint2.png\" \/>\n\t<meta property=\"og:image:width\" content=\"1100\" \/>\n\t<meta property=\"og:image:height\" content=\"1422\" \/>\n\t<meta property=\"og:image:type\" content=\"image\/png\" \/>\n<meta name=\"twitter:card\" content=\"summary_large_image\" \/>\n<script type=\"application\/ld+json\" class=\"yoast-schema-graph\">{\"@context\":\"https:\/\/schema.org\",\"@graph\":[{\"@type\":\"WebPage\",\"@id\":\"https:\/\/segafredo.pt\/product\/cha-peppermint\/\",\"url\":\"https:\/\/segafredo.pt\/product\/cha-peppermint\/\",\"name\":\"Infus\u00e3o Peppermint - Segafredo\",\"isPartOf\":{\"@id\":\"https:\/\/segafredo.pt\/#website\"},\"primaryImageOfPage\":{\"@id\":\"https:\/\/segafredo.pt\/product\/cha-peppermint\/#primaryimage\"},\"image\":{\"@id\":\"https:\/\/segafredo.pt\/product\/cha-peppermint\/#primaryimage\"},\"thumbnailUrl\":\"https:\/\/segafredo.pt\/wp-content\/uploads\/2024\/08\/peppermint2.png\",\"datePublished\":\"2024-08-05T19:24:35+00:00\",\"dateModified\":\"2025-02-14T16:49:13+00:00\",\"breadcrumb\":{\"@id\":\"https:\/\/segafredo.pt\/product\/cha-peppermint\/#breadcrumb\"},\"inLanguage\":\"en-GB\",\"potentialAction\":[{\"@type\":\"ReadAction\",\"target\":[\"https:\/\/segafredo.pt\/product\/cha-peppermint\/\"]}]},{\"@type\":\"ImageObject\",\"inLanguage\":\"en-GB\",\"@id\":\"https:\/\/segafredo.pt\/product\/cha-peppermint\/#primaryimage\",\"url\":\"https:\/\/segafredo.pt\/wp-content\/uploads\/2024\/08\/peppermint2.png\",\"contentUrl\":\"https:\/\/segafredo.pt\/wp-content\/uploads\/2024\/08\/peppermint2.png\",\"width\":1100,\"height\":1422},{\"@type\":\"BreadcrumbList\",\"@id\":\"https:\/\/segafredo.pt\/product\/cha-peppermint\/#breadcrumb\",\"itemListElement\":[{\"@type\":\"ListItem\",\"position\":1,\"name\":\"Home\",\"item\":\"https:\/\/segafredo.pt\/\"},{\"@type\":\"ListItem\",\"position\":2,\"name\":\"Produtos\",\"item\":\"https:\/\/segafredo.pt\/produtos\/\"},{\"@type\":\"ListItem\",\"position\":3,\"name\":\"Infus\u00e3o Peppermint\"}]},{\"@type\":\"WebSite\",\"@id\":\"https:\/\/segafredo.pt\/#website\",\"url\":\"https:\/\/segafredo.pt\/\",\"name\":\"Segafredo\",\"description\":\"\",\"publisher\":{\"@id\":\"https:\/\/segafredo.pt\/#organization\"},\"potentialAction\":[{\"@type\":\"SearchAction\",\"target\":{\"@type\":\"EntryPoint\",\"urlTemplate\":\"https:\/\/segafredo.pt\/?s={search_term_string}\"},\"query-input\":{\"@type\":\"PropertyValueSpecification\",\"valueRequired\":true,\"valueName\":\"search_term_string\"}}],\"inLanguage\":\"en-GB\"},{\"@type\":\"Organization\",\"@id\":\"https:\/\/segafredo.pt\/#organization\",\"name\":\"Segafredo\",\"url\":\"https:\/\/segafredo.pt\/\",\"logo\":{\"@type\":\"ImageObject\",\"inLanguage\":\"en-GB\",\"@id\":\"https:\/\/segafredo.pt\/#\/schema\/logo\/image\/\",\"url\":\"https:\/\/segafredo.pt\/wp-content\/uploads\/2024\/05\/loudzap-logo-1603185532.png\",\"contentUrl\":\"https:\/\/segafredo.pt\/wp-content\/uploads\/2024\/05\/loudzap-logo-1603185532.png\",\"width\":340,\"height\":176,\"caption\":\"Segafredo\"},\"image\":{\"@id\":\"https:\/\/segafredo.pt\/#\/schema\/logo\/image\/\"}}]}<\/script>\n<!-- \/ Yoast SEO plugin. -->","yoast_head_json":{"title":"Infus\u00e3o Peppermint - Segafredo","robots":{"index":"index","follow":"follow","max-snippet":"max-snippet:-1","max-image-preview":"max-image-preview:large","max-video-preview":"max-video-preview:-1"},"canonical":"https:\/\/segafredo.pt\/en\/product\/cha-peppermint\/","og_locale":"en_GB","og_type":"article","og_title":"Infus\u00e3o Peppermint - Segafredo","og_description":"Desde h\u00e1 mais de 150 anos, a Brodies seleciona as melhores qualidades em folhas para criar uma ampla oferta das mais apreciadas variedades de ch\u00e1 e infus\u00f5es. Folhas verdes brilhantes cortadas s\u00e3o utilizadas neste ch\u00e1 de ervas cl\u00e1ssico que estimula e refresca - um \u201cdigestivo\u201d p\u00f3s-jantar maravilhosamente eficaz que ir\u00e1 acalmar est\u00f4magos sobrecarregados e limpar o paladar.","og_url":"https:\/\/segafredo.pt\/en\/product\/cha-peppermint\/","og_site_name":"Segafredo","article_modified_time":"2025-02-14T16:49:13+00:00","og_image":[{"width":1100,"height":1422,"url":"https:\/\/segafredo.pt\/wp-content\/uploads\/2024\/08\/peppermint2.png","type":"image\/png"}],"twitter_card":"summary_large_image","schema":{"@context":"https:\/\/schema.org","@graph":[{"@type":"WebPage","@id":"https:\/\/segafredo.pt\/product\/cha-peppermint\/","url":"https:\/\/segafredo.pt\/product\/cha-peppermint\/","name":"Infus\u00e3o Peppermint - Segafredo","isPartOf":{"@id":"https:\/\/segafredo.pt\/#website"},"primaryImageOfPage":{"@id":"https:\/\/segafredo.pt\/product\/cha-peppermint\/#primaryimage"},"image":{"@id":"https:\/\/segafredo.pt\/product\/cha-peppermint\/#primaryimage"},"thumbnailUrl":"https:\/\/segafredo.pt\/wp-content\/uploads\/2024\/08\/peppermint2.png","datePublished":"2024-08-05T19:24:35+00:00","dateModified":"2025-02-14T16:49:13+00:00","breadcrumb":{"@id":"https:\/\/segafredo.pt\/product\/cha-peppermint\/#breadcrumb"},"inLanguage":"en-GB","potentialAction":[{"@type":"ReadAction","target":["https:\/\/segafredo.pt\/product\/cha-peppermint\/"]}]},{"@type":"ImageObject","inLanguage":"en-GB","@id":"https:\/\/segafredo.pt\/product\/cha-peppermint\/#primaryimage","url":"https:\/\/segafredo.pt\/wp-content\/uploads\/2024\/08\/peppermint2.png","contentUrl":"https:\/\/segafredo.pt\/wp-content\/uploads\/2024\/08\/peppermint2.png","width":1100,"height":1422},{"@type":"BreadcrumbList","@id":"https:\/\/segafredo.pt\/product\/cha-peppermint\/#breadcrumb","itemListElement":[{"@type":"ListItem","position":1,"name":"Home","item":"https:\/\/segafredo.pt\/"},{"@type":"ListItem","position":2,"name":"Produtos","item":"https:\/\/segafredo.pt\/produtos\/"},{"@type":"ListItem","position":3,"name":"Infus\u00e3o Peppermint"}]},{"@type":"WebSite","@id":"https:\/\/segafredo.pt\/#website","url":"https:\/\/segafredo.pt\/","name":"Segafredo","description":"","publisher":{"@id":"https:\/\/segafredo.pt\/#organization"},"potentialAction":[{"@type":"SearchAction","target":{"@type":"EntryPoint","urlTemplate":"https:\/\/segafredo.pt\/?s={search_term_string}"},"query-input":{"@type":"PropertyValueSpecification","valueRequired":true,"valueName":"search_term_string"}}],"inLanguage":"en-GB"},{"@type":"Organization","@id":"https:\/\/segafredo.pt\/#organization","name":"Segafredo","url":"https:\/\/segafredo.pt\/","logo":{"@type":"ImageObject","inLanguage":"en-GB","@id":"https:\/\/segafredo.pt\/#\/schema\/logo\/image\/","url":"https:\/\/segafredo.pt\/wp-content\/uploads\/2024\/05\/loudzap-logo-1603185532.png","contentUrl":"https:\/\/segafredo.pt\/wp-content\/uploads\/2024\/05\/loudzap-logo-1603185532.png","width":340,"height":176,"caption":"Segafredo"},"image":{"@id":"https:\/\/segafredo.pt\/#\/schema\/logo\/image\/"}}]}},"_links":{"self":[{"href":"https:\/\/segafredo.pt\/en\/wp-json\/wp\/v2\/product\/819","targetHints":{"allow":["GET"]}}],"collection":[{"href":"https:\/\/segafredo.pt\/en\/wp-json\/wp\/v2\/product"}],"about":[{"href":"https:\/\/segafredo.pt\/en\/wp-json\/wp\/v2\/types\/product"}],"wp:featuredmedia":[{"embeddable":true,"href":"https:\/\/segafredo.pt\/en\/wp-json\/wp\/v2\/media\/799"}],"wp:attachment":[{"href":"https:\/\/segafredo.pt\/en\/wp-json\/wp\/v2\/media?parent=819"}],"wp:term":[{"taxonomy":"product_brand","embeddable":true,"href":"https:\/\/segafredo.pt\/en\/wp-json\/wp\/v2\/product_brand?post=819"},{"taxonomy":"product_cat","embeddable":true,"href":"https:\/\/segafredo.pt\/en\/wp-json\/wp\/v2\/product_cat?post=819"},{"taxonomy":"product_tag","embeddable":true,"href":"https:\/\/segafredo.pt\/en\/wp-json\/wp\/v2\/product_tag?post=819"}],"curies":[{"name":"wp","href":"https:\/\/api.w.org\/{rel}","templated":true}]}}