{"id":823,"date":"2024-08-05T19:28:56","date_gmt":"2024-08-05T19:28:56","guid":{"rendered":"https:\/\/segafredo.hdonline.pt\/?post_type=product&#038;p=823"},"modified":"2025-02-14T16:46:11","modified_gmt":"2025-02-14T16:46:11","slug":"cha-early-grey","status":"publish","type":"product","link":"https:\/\/segafredo.pt\/en\/product\/cha-early-grey\/","title":{"rendered":"Early Grey Tea"},"content":{"rendered":"<p>For over 150 years, Brodies has been selecting the finest quality leaves to create a wide range of the most popular tea and infusion varieties. Quintessentially British, this tea takes its name from the second Earl Grey and stands out for its elegant flavor, delicately perfumed with the citrus touch of bergamot. Our blend of fine teas makes for a very refreshing drink, which can be enjoyed with or without milk or, for an extra citrus touch, with a slice of lemon.<\/p>","protected":false},"excerpt":{"rendered":"<p>For over 150 years, Brodies has been selecting the finest quality leaves to create a wide range of the most popular tea and infusion varieties. Quintessentially British, this tea takes its name from the second Earl Grey and stands out for its elegant flavor, delicately perfumed with the citrus touch of bergamot. Our blend of fine teas makes for a very refreshing drink, which can be enjoyed with or without milk or, for an extra citrus touch, with a slice of lemon.<\/p>","protected":false},"featured_media":784,"template":"","meta":[],"product_brand":[],"product_cat":[40],"product_tag":[],"class_list":{"0":"post-823","1":"product","2":"type-product","3":"status-publish","4":"has-post-thumbnail","6":"product_cat-chas","8":"first","9":"instock","10":"shipping-taxable","11":"product-type-simple"},"yoast_head":"<!-- This site is optimized with the Yoast SEO plugin v26.7 - https:\/\/yoast.com\/wordpress\/plugins\/seo\/ -->\n<title>Ch\u00e1 Early Grey - Segafredo<\/title>\n<meta name=\"robots\" content=\"index, follow, max-snippet:-1, max-image-preview:large, max-video-preview:-1\" \/>\n<link rel=\"canonical\" href=\"https:\/\/segafredo.pt\/en\/product\/cha-early-grey\/\" \/>\n<meta property=\"og:locale\" content=\"en_GB\" \/>\n<meta property=\"og:type\" content=\"article\" \/>\n<meta property=\"og:title\" content=\"Ch\u00e1 Early Grey - Segafredo\" \/>\n<meta property=\"og:description\" content=\"Desde h\u00e1 mais de 150 anos, a Brodies seleciona as melhores qualidades em folhas para criar uma ampla oferta das mais apreciadas variedades de ch\u00e1 e infus\u00f5es. Quintessencialmente brit\u00e2nico, este ch\u00e1 tem o nome do segundo Earl Grey e distingue-se pelo seu sabor elegante, delicadamente perfumado com o toque c\u00edtrico da bergamota. A nossa mistura de ch\u00e1s finos torna-o numa bebida muito refrescante, que pode ser bebida com ou sem leite ou, para um toque c\u00edtrico extra, com uma rodela de lim\u00e3o.\" \/>\n<meta property=\"og:url\" content=\"https:\/\/segafredo.pt\/en\/product\/cha-early-grey\/\" \/>\n<meta property=\"og:site_name\" content=\"Segafredo\" \/>\n<meta property=\"article:modified_time\" content=\"2025-02-14T16:46:11+00:00\" \/>\n<meta property=\"og:image\" content=\"https:\/\/segafredo.pt\/wp-content\/uploads\/2024\/08\/earlgrey2.png\" \/>\n\t<meta property=\"og:image:width\" content=\"1100\" \/>\n\t<meta property=\"og:image:height\" content=\"1422\" \/>\n\t<meta property=\"og:image:type\" content=\"image\/png\" \/>\n<meta name=\"twitter:card\" content=\"summary_large_image\" \/>\n<script type=\"application\/ld+json\" class=\"yoast-schema-graph\">{\"@context\":\"https:\/\/schema.org\",\"@graph\":[{\"@type\":\"WebPage\",\"@id\":\"https:\/\/segafredo.pt\/product\/cha-early-grey\/\",\"url\":\"https:\/\/segafredo.pt\/product\/cha-early-grey\/\",\"name\":\"Ch\u00e1 Early Grey - Segafredo\",\"isPartOf\":{\"@id\":\"https:\/\/segafredo.pt\/#website\"},\"primaryImageOfPage\":{\"@id\":\"https:\/\/segafredo.pt\/product\/cha-early-grey\/#primaryimage\"},\"image\":{\"@id\":\"https:\/\/segafredo.pt\/product\/cha-early-grey\/#primaryimage\"},\"thumbnailUrl\":\"https:\/\/segafredo.pt\/wp-content\/uploads\/2024\/08\/earlgrey2.png\",\"datePublished\":\"2024-08-05T19:28:56+00:00\",\"dateModified\":\"2025-02-14T16:46:11+00:00\",\"breadcrumb\":{\"@id\":\"https:\/\/segafredo.pt\/product\/cha-early-grey\/#breadcrumb\"},\"inLanguage\":\"en-GB\",\"potentialAction\":[{\"@type\":\"ReadAction\",\"target\":[\"https:\/\/segafredo.pt\/product\/cha-early-grey\/\"]}]},{\"@type\":\"ImageObject\",\"inLanguage\":\"en-GB\",\"@id\":\"https:\/\/segafredo.pt\/product\/cha-early-grey\/#primaryimage\",\"url\":\"https:\/\/segafredo.pt\/wp-content\/uploads\/2024\/08\/earlgrey2.png\",\"contentUrl\":\"https:\/\/segafredo.pt\/wp-content\/uploads\/2024\/08\/earlgrey2.png\",\"width\":1100,\"height\":1422},{\"@type\":\"BreadcrumbList\",\"@id\":\"https:\/\/segafredo.pt\/product\/cha-early-grey\/#breadcrumb\",\"itemListElement\":[{\"@type\":\"ListItem\",\"position\":1,\"name\":\"Home\",\"item\":\"https:\/\/segafredo.pt\/\"},{\"@type\":\"ListItem\",\"position\":2,\"name\":\"Produtos\",\"item\":\"https:\/\/segafredo.pt\/produtos\/\"},{\"@type\":\"ListItem\",\"position\":3,\"name\":\"Ch\u00e1 Early Grey\"}]},{\"@type\":\"WebSite\",\"@id\":\"https:\/\/segafredo.pt\/#website\",\"url\":\"https:\/\/segafredo.pt\/\",\"name\":\"Segafredo\",\"description\":\"\",\"publisher\":{\"@id\":\"https:\/\/segafredo.pt\/#organization\"},\"potentialAction\":[{\"@type\":\"SearchAction\",\"target\":{\"@type\":\"EntryPoint\",\"urlTemplate\":\"https:\/\/segafredo.pt\/?s={search_term_string}\"},\"query-input\":{\"@type\":\"PropertyValueSpecification\",\"valueRequired\":true,\"valueName\":\"search_term_string\"}}],\"inLanguage\":\"en-GB\"},{\"@type\":\"Organization\",\"@id\":\"https:\/\/segafredo.pt\/#organization\",\"name\":\"Segafredo\",\"url\":\"https:\/\/segafredo.pt\/\",\"logo\":{\"@type\":\"ImageObject\",\"inLanguage\":\"en-GB\",\"@id\":\"https:\/\/segafredo.pt\/#\/schema\/logo\/image\/\",\"url\":\"https:\/\/segafredo.pt\/wp-content\/uploads\/2024\/05\/loudzap-logo-1603185532.png\",\"contentUrl\":\"https:\/\/segafredo.pt\/wp-content\/uploads\/2024\/05\/loudzap-logo-1603185532.png\",\"width\":340,\"height\":176,\"caption\":\"Segafredo\"},\"image\":{\"@id\":\"https:\/\/segafredo.pt\/#\/schema\/logo\/image\/\"}}]}<\/script>\n<!-- \/ Yoast SEO plugin. -->","yoast_head_json":{"title":"Ch\u00e1 Early Grey - Segafredo","robots":{"index":"index","follow":"follow","max-snippet":"max-snippet:-1","max-image-preview":"max-image-preview:large","max-video-preview":"max-video-preview:-1"},"canonical":"https:\/\/segafredo.pt\/en\/product\/cha-early-grey\/","og_locale":"en_GB","og_type":"article","og_title":"Ch\u00e1 Early Grey - Segafredo","og_description":"Desde h\u00e1 mais de 150 anos, a Brodies seleciona as melhores qualidades em folhas para criar uma ampla oferta das mais apreciadas variedades de ch\u00e1 e infus\u00f5es. Quintessencialmente brit\u00e2nico, este ch\u00e1 tem o nome do segundo Earl Grey e distingue-se pelo seu sabor elegante, delicadamente perfumado com o toque c\u00edtrico da bergamota. A nossa mistura de ch\u00e1s finos torna-o numa bebida muito refrescante, que pode ser bebida com ou sem leite ou, para um toque c\u00edtrico extra, com uma rodela de lim\u00e3o.","og_url":"https:\/\/segafredo.pt\/en\/product\/cha-early-grey\/","og_site_name":"Segafredo","article_modified_time":"2025-02-14T16:46:11+00:00","og_image":[{"width":1100,"height":1422,"url":"https:\/\/segafredo.pt\/wp-content\/uploads\/2024\/08\/earlgrey2.png","type":"image\/png"}],"twitter_card":"summary_large_image","schema":{"@context":"https:\/\/schema.org","@graph":[{"@type":"WebPage","@id":"https:\/\/segafredo.pt\/product\/cha-early-grey\/","url":"https:\/\/segafredo.pt\/product\/cha-early-grey\/","name":"Ch\u00e1 Early Grey - Segafredo","isPartOf":{"@id":"https:\/\/segafredo.pt\/#website"},"primaryImageOfPage":{"@id":"https:\/\/segafredo.pt\/product\/cha-early-grey\/#primaryimage"},"image":{"@id":"https:\/\/segafredo.pt\/product\/cha-early-grey\/#primaryimage"},"thumbnailUrl":"https:\/\/segafredo.pt\/wp-content\/uploads\/2024\/08\/earlgrey2.png","datePublished":"2024-08-05T19:28:56+00:00","dateModified":"2025-02-14T16:46:11+00:00","breadcrumb":{"@id":"https:\/\/segafredo.pt\/product\/cha-early-grey\/#breadcrumb"},"inLanguage":"en-GB","potentialAction":[{"@type":"ReadAction","target":["https:\/\/segafredo.pt\/product\/cha-early-grey\/"]}]},{"@type":"ImageObject","inLanguage":"en-GB","@id":"https:\/\/segafredo.pt\/product\/cha-early-grey\/#primaryimage","url":"https:\/\/segafredo.pt\/wp-content\/uploads\/2024\/08\/earlgrey2.png","contentUrl":"https:\/\/segafredo.pt\/wp-content\/uploads\/2024\/08\/earlgrey2.png","width":1100,"height":1422},{"@type":"BreadcrumbList","@id":"https:\/\/segafredo.pt\/product\/cha-early-grey\/#breadcrumb","itemListElement":[{"@type":"ListItem","position":1,"name":"Home","item":"https:\/\/segafredo.pt\/"},{"@type":"ListItem","position":2,"name":"Produtos","item":"https:\/\/segafredo.pt\/produtos\/"},{"@type":"ListItem","position":3,"name":"Ch\u00e1 Early Grey"}]},{"@type":"WebSite","@id":"https:\/\/segafredo.pt\/#website","url":"https:\/\/segafredo.pt\/","name":"Segafredo","description":"","publisher":{"@id":"https:\/\/segafredo.pt\/#organization"},"potentialAction":[{"@type":"SearchAction","target":{"@type":"EntryPoint","urlTemplate":"https:\/\/segafredo.pt\/?s={search_term_string}"},"query-input":{"@type":"PropertyValueSpecification","valueRequired":true,"valueName":"search_term_string"}}],"inLanguage":"en-GB"},{"@type":"Organization","@id":"https:\/\/segafredo.pt\/#organization","name":"Segafredo","url":"https:\/\/segafredo.pt\/","logo":{"@type":"ImageObject","inLanguage":"en-GB","@id":"https:\/\/segafredo.pt\/#\/schema\/logo\/image\/","url":"https:\/\/segafredo.pt\/wp-content\/uploads\/2024\/05\/loudzap-logo-1603185532.png","contentUrl":"https:\/\/segafredo.pt\/wp-content\/uploads\/2024\/05\/loudzap-logo-1603185532.png","width":340,"height":176,"caption":"Segafredo"},"image":{"@id":"https:\/\/segafredo.pt\/#\/schema\/logo\/image\/"}}]}},"_links":{"self":[{"href":"https:\/\/segafredo.pt\/en\/wp-json\/wp\/v2\/product\/823","targetHints":{"allow":["GET"]}}],"collection":[{"href":"https:\/\/segafredo.pt\/en\/wp-json\/wp\/v2\/product"}],"about":[{"href":"https:\/\/segafredo.pt\/en\/wp-json\/wp\/v2\/types\/product"}],"wp:featuredmedia":[{"embeddable":true,"href":"https:\/\/segafredo.pt\/en\/wp-json\/wp\/v2\/media\/784"}],"wp:attachment":[{"href":"https:\/\/segafredo.pt\/en\/wp-json\/wp\/v2\/media?parent=823"}],"wp:term":[{"taxonomy":"product_brand","embeddable":true,"href":"https:\/\/segafredo.pt\/en\/wp-json\/wp\/v2\/product_brand?post=823"},{"taxonomy":"product_cat","embeddable":true,"href":"https:\/\/segafredo.pt\/en\/wp-json\/wp\/v2\/product_cat?post=823"},{"taxonomy":"product_tag","embeddable":true,"href":"https:\/\/segafredo.pt\/en\/wp-json\/wp\/v2\/product_tag?post=823"}],"curies":[{"name":"wp","href":"https:\/\/api.w.org\/{rel}","templated":true}]}}